{"id":8,"date":"2023-02-16T10:12:53","date_gmt":"2023-02-16T10:12:53","guid":{"rendered":"https:\/\/transportedebicicletas.pt\/index.php\/contact-us\/"},"modified":"2025-12-06T14:51:22","modified_gmt":"2025-12-06T14:51:22","slug":"contacts","status":"publish","type":"page","link":"https:\/\/transportedebicicletas.pt\/en\/contacts\/","title":{"rendered":"Contacts"},"content":{"rendered":"<div data-elementor-type=\"wp-page\" data-elementor-id=\"8\" class=\"elementor elementor-8\" data-elementor-post-type=\"page\">\n\t\t\t\t\t\t<section class=\"elementor-section elementor-top-section elementor-element elementor-element-483b6afe elementor-section-content-middle elementor-section-height-min-height elementor-section-items-stretch elementor-section-boxed elementor-section-height-default\" data-id=\"483b6afe\" data-element_type=\"section\" data-e-type=\"section\">\n\t\t\t\t\t\t<div class=\"elementor-container elementor-column-gap-no\">\n\t\t\t\t\t<div class=\"elementor-column elementor-col-50 elementor-top-column elementor-element elementor-element-2e918af7\" data-id=\"2e918af7\" data-element_type=\"column\" data-e-type=\"column\">\n\t\t\t<div class=\"elementor-widget-wrap elementor-element-populated\">\n\t\t\t\t\t\t<div class=\"elementor-element elementor-element-3cae1533 elementor-invisible elementor-widget elementor-widget-heading\" data-id=\"3cae1533\" data-element_type=\"widget\" data-e-type=\"widget\" data-settings=\"{&quot;_animation&quot;:&quot;fadeIn&quot;}\" data-widget_type=\"heading.default\">\n\t\t\t\t\t<h1 class=\"elementor-heading-title elementor-size-default\">Contacts<\/h1>\t\t\t\t<\/div>\n\t\t\t\t<div class=\"elementor-element elementor-element-724223b0 elementor-widget elementor-widget-text-editor\" data-id=\"724223b0\" data-element_type=\"widget\" data-e-type=\"widget\" data-widget_type=\"text-editor.default\">\n\t\t\t\t\t\t\t\t\t<p>Estamos sempre dispon\u00edveis para esclarecer qualquer quest\u00e3o ou para lhe dar um or\u00e7amento para o servi\u00e7o desejado.<\/p>\t\t\t\t\t\t\t\t<\/div>\n\t\t\t\t\t<\/div>\n\t\t<\/div>\n\t\t\t\t<div class=\"elementor-column elementor-col-50 elementor-top-column elementor-element elementor-element-99547f0\" data-id=\"99547f0\" data-element_type=\"column\" data-e-type=\"column\" data-settings=\"{&quot;background_background&quot;:&quot;classic&quot;}\">\n\t\t\t<div class=\"elementor-widget-wrap elementor-element-populated\">\n\t\t\t\t\t\t<div class=\"elementor-element elementor-element-4410dce4 elementor-widget elementor-widget-spacer\" data-id=\"4410dce4\" data-element_type=\"widget\" data-e-type=\"widget\" data-widget_type=\"spacer.default\">\n\t\t\t\t\t\t\t<div class=\"elementor-spacer\">\n\t\t\t<div class=\"elementor-spacer-inner\"><\/div>\n\t\t<\/div>\n\t\t\t\t\t\t<\/div>\n\t\t\t\t\t<\/div>\n\t\t<\/div>\n\t\t\t\t\t<\/div>\n\t\t<\/section>\n\t\t\t\t<section class=\"elementor-section elementor-top-section elementor-element elementor-element-332f393c elementor-section-content-middle elementor-reverse-mobile elementor-section-height-min-height elementor-section-items-stretch elementor-section-boxed elementor-section-height-default\" data-id=\"332f393c\" data-element_type=\"section\" data-e-type=\"section\">\n\t\t\t\t\t\t<div class=\"elementor-container elementor-column-gap-no\">\n\t\t\t\t\t<div class=\"elementor-column elementor-col-100 elementor-top-column elementor-element elementor-element-38be664f\" data-id=\"38be664f\" data-element_type=\"column\" data-e-type=\"column\" data-settings=\"{&quot;background_background&quot;:&quot;classic&quot;}\">\n\t\t\t<div class=\"elementor-widget-wrap elementor-element-populated\">\n\t\t\t\t\t\t<div class=\"elementor-element elementor-element-7f91f699 elementor-widget elementor-widget-text-editor\" data-id=\"7f91f699\" data-element_type=\"widget\" data-e-type=\"widget\" data-widget_type=\"text-editor.default\">\n\t\t\t\t\t\t\t\t\t<p><strong>Telefone:<\/strong> <a href=\"http:\/\/tel:+351964615633\">964615633\u00a0<\/a><\/p><p><a href=\"http:\/\/tel:+351964615633\">(chamada para rede movel nacional)<\/a><\/p><p><strong>WhatsApp:<\/strong> <a href=\"https:\/\/wa.me\/+351964615633\">964615633\u00a0<\/a><\/p><p><strong>Email:<\/strong>\u00a0info@transportedebicicletas.pt<\/p>\t\t\t\t\t\t\t\t<\/div>\n\t\t\t\t\t<\/div>\n\t\t<\/div>\n\t\t\t\t\t<\/div>\n\t\t<\/section>\n\t\t<div class=\"elementor-element elementor-element-b851327 e-flex e-con-boxed e-con e-parent\" data-id=\"b851327\" data-element_type=\"container\" data-e-type=\"container\">\n\t\t\t\t\t<div class=\"e-con-inner\">\n\t\t\t\t<div class=\"elementor-element elementor-element-332cbfb elementor-widget elementor-widget-heading\" data-id=\"332cbfb\" data-element_type=\"widget\" data-e-type=\"widget\" data-widget_type=\"heading.default\">\n\t\t\t\t\t<h2 class=\"elementor-heading-title elementor-size-default\">Os nossos parceiros<\/h2>\t\t\t\t<\/div>\n\t\t\t\t\t<\/div>\n\t\t\t\t<\/div>\n\t\t<div class=\"elementor-element elementor-element-7a0eb15 e-flex e-con-boxed e-con e-parent\" data-id=\"7a0eb15\" data-element_type=\"container\" data-e-type=\"container\">\n\t\t\t\t\t<div class=\"e-con-inner\">\n\t\t<div class=\"elementor-element elementor-element-48c7ab6 e-con-full e-flex e-con e-child\" data-id=\"48c7ab6\" data-element_type=\"container\" data-e-type=\"container\">\n\t\t\t\t<div class=\"elementor-element elementor-element-e90c2f4 elementor-widget elementor-widget-image\" data-id=\"e90c2f4\" data-element_type=\"widget\" data-e-type=\"widget\" data-widget_type=\"image.default\">\n\t\t\t\t\t\t\t\t\t\t\t\t\t\t\t\t<a href=\"http:\/\/www.ridenorth.pt\">\n\t\t\t\t\t\t\t<img fetchpriority=\"high\" decoding=\"async\" width=\"500\" height=\"500\" src=\"https:\/\/transportedebicicletas.pt\/wp-content\/uploads\/2025\/12\/semfundo.png\" class=\"attachment-large size-large wp-image-1427\" alt=\"\" srcset=\"https:\/\/transportedebicicletas.pt\/wp-content\/uploads\/2025\/12\/semfundo.png 500w, https:\/\/transportedebicicletas.pt\/wp-content\/uploads\/2025\/12\/semfundo-300x300.png 300w, https:\/\/transportedebicicletas.pt\/wp-content\/uploads\/2025\/12\/semfundo-150x150.png 150w, https:\/\/transportedebicicletas.pt\/wp-content\/uploads\/2025\/12\/semfundo-12x12.png 12w\" sizes=\"(max-width: 500px) 100vw, 500px\" \/>\t\t\t\t\t\t\t\t<\/a>\n\t\t\t\t\t\t\t\t\t\t\t\t\t\t\t<\/div>\n\t\t\t\t<\/div>\n\t\t<div class=\"elementor-element elementor-element-ead306a e-con-full e-flex e-con e-child\" data-id=\"ead306a\" data-element_type=\"container\" data-e-type=\"container\">\n\t\t\t\t<div class=\"elementor-element elementor-element-61cfb68 elementor-widget elementor-widget-image\" data-id=\"61cfb68\" data-element_type=\"widget\" data-e-type=\"widget\" data-widget_type=\"image.default\">\n\t\t\t\t\t\t\t\t\t\t\t\t\t\t\t\t<a href=\"http:\/\/www.sintraflowriders.com\">\n\t\t\t\t\t\t\t<img decoding=\"async\" width=\"500\" height=\"500\" src=\"https:\/\/transportedebicicletas.pt\/wp-content\/uploads\/2025\/12\/Logo-Sintra.png\" class=\"attachment-large size-large wp-image-1428\" alt=\"\" srcset=\"https:\/\/transportedebicicletas.pt\/wp-content\/uploads\/2025\/12\/Logo-Sintra.png 500w, https:\/\/transportedebicicletas.pt\/wp-content\/uploads\/2025\/12\/Logo-Sintra-300x300.png 300w, https:\/\/transportedebicicletas.pt\/wp-content\/uploads\/2025\/12\/Logo-Sintra-150x150.png 150w, https:\/\/transportedebicicletas.pt\/wp-content\/uploads\/2025\/12\/Logo-Sintra-12x12.png 12w\" sizes=\"(max-width: 500px) 100vw, 500px\" \/>\t\t\t\t\t\t\t\t<\/a>\n\t\t\t\t\t\t\t\t\t\t\t\t\t\t\t<\/div>\n\t\t\t\t<\/div>\n\t\t<div class=\"elementor-element elementor-element-d12619e e-con-full e-flex e-con e-child\" data-id=\"d12619e\" data-element_type=\"container\" data-e-type=\"container\">\n\t\t\t\t<div class=\"elementor-element elementor-element-ffbd9cc elementor-widget elementor-widget-image\" data-id=\"ffbd9cc\" data-element_type=\"widget\" data-e-type=\"widget\" data-widget_type=\"image.default\">\n\t\t\t\t\t\t\t\t\t\t\t\t\t\t\t\t<a href=\"http:\/\/www.riohomem.pt\">\n\t\t\t\t\t\t\t<img decoding=\"async\" width=\"640\" height=\"640\" src=\"https:\/\/transportedebicicletas.pt\/wp-content\/uploads\/2025\/12\/riohomem.jpg\" class=\"attachment-large size-large wp-image-1429\" alt=\"\" srcset=\"https:\/\/transportedebicicletas.pt\/wp-content\/uploads\/2025\/12\/riohomem.jpg 945w, https:\/\/transportedebicicletas.pt\/wp-content\/uploads\/2025\/12\/riohomem-300x300.jpg 300w, https:\/\/transportedebicicletas.pt\/wp-content\/uploads\/2025\/12\/riohomem-150x150.jpg 150w, https:\/\/transportedebicicletas.pt\/wp-content\/uploads\/2025\/12\/riohomem-768x768.jpg 768w, https:\/\/transportedebicicletas.pt\/wp-content\/uploads\/2025\/12\/riohomem-12x12.jpg 12w\" sizes=\"(max-width: 640px) 100vw, 640px\" \/>\t\t\t\t\t\t\t\t<\/a>\n\t\t\t\t\t\t\t\t\t\t\t\t\t\t\t<\/div>\n\t\t\t\t<\/div>\n\t\t<div class=\"elementor-element elementor-element-b5d697f e-con-full e-flex e-con e-child\" data-id=\"b5d697f\" data-element_type=\"container\" data-e-type=\"container\">\n\t\t\t\t<div class=\"elementor-element elementor-element-9a6c419 elementor-widget elementor-widget-image\" data-id=\"9a6c419\" data-element_type=\"widget\" data-e-type=\"widget\" data-widget_type=\"image.default\">\n\t\t\t\t\t\t\t\t\t\t\t\t\t\t\t\t<a href=\"https:\/\/www.gerescasas.com\/aluguer\/casa-terras-de-bouro-casa-da-quinta-quinta-da-portela-196069.html\">\n\t\t\t\t\t\t\t<img loading=\"lazy\" decoding=\"async\" width=\"500\" height=\"500\" src=\"https:\/\/transportedebicicletas.pt\/wp-content\/uploads\/2025\/12\/quintadaportela.jpg\" class=\"attachment-large size-large wp-image-1430\" alt=\"\" srcset=\"https:\/\/transportedebicicletas.pt\/wp-content\/uploads\/2025\/12\/quintadaportela.jpg 500w, https:\/\/transportedebicicletas.pt\/wp-content\/uploads\/2025\/12\/quintadaportela-300x300.jpg 300w, https:\/\/transportedebicicletas.pt\/wp-content\/uploads\/2025\/12\/quintadaportela-150x150.jpg 150w, https:\/\/transportedebicicletas.pt\/wp-content\/uploads\/2025\/12\/quintadaportela-12x12.jpg 12w\" sizes=\"(max-width: 500px) 100vw, 500px\" \/>\t\t\t\t\t\t\t\t<\/a>\n\t\t\t\t\t\t\t\t\t\t\t\t\t\t\t<\/div>\n\t\t\t\t<\/div>\n\t\t\t\t\t<\/div>\n\t\t\t\t<\/div>\n\t\t\t\t<\/div>","protected":false},"excerpt":{"rendered":"<p>Contactos Estamos sempre dispon\u00edveis para esclarecer qualquer quest\u00e3o ou para lhe dar um or\u00e7amento para o servi\u00e7o desejado. Telefone: 964615633\u00a0 (chamada para rede movel nacional) WhatsApp: 964615633\u00a0 Email:\u00a0info@transportedebicicletas.pt Os nossos parceiros<\/p>","protected":false},"author":1,"featured_media":0,"parent":0,"menu_order":0,"comment_status":"closed","ping_status":"closed","template":"elementor_header_footer","meta":{"footnotes":""},"class_list":["post-8","page","type-page","status-publish","hentry"],"yoast_head":"<!-- This site is optimized with the Yoast SEO plugin v27.4 - https:\/\/yoast.com\/product\/yoast-seo-wordpress\/ -->\n<title>Contactos - Transporte de Ciclistas e Bicicletas<\/title>\n<meta name=\"description\" content=\"Contacte-nos e obtenha um or\u00e7amento gratuito para o servi\u00e7o que necessita. Vamos ter consigo onde pretende.\" \/>\n<meta name=\"robots\" content=\"index, follow, max-snippet:-1, max-image-preview:large, max-video-preview:-1\" \/>\n<link rel=\"canonical\" href=\"https:\/\/transportedebicicletas.pt\/en\/contacts\/\" \/>\n<meta property=\"og:locale\" content=\"en_GB\" \/>\n<meta property=\"og:type\" content=\"article\" \/>\n<meta property=\"og:title\" content=\"Contactos - Transporte de Ciclistas e Bicicletas\" \/>\n<meta property=\"og:description\" content=\"Contacte-nos e obtenha um or\u00e7amento gratuito para o servi\u00e7o que necessita. Vamos ter consigo onde pretende.\" \/>\n<meta property=\"og:url\" content=\"https:\/\/transportedebicicletas.pt\/en\/contacts\/\" \/>\n<meta property=\"og:site_name\" content=\"Transporte de Ciclistas e Bicicletas\" \/>\n<meta property=\"article:publisher\" content=\"https:\/\/www.facebook.com\/transportedebicicletas.pt\" \/>\n<meta property=\"article:modified_time\" content=\"2025-12-06T14:51:22+00:00\" \/>\n<meta property=\"og:image\" content=\"https:\/\/transportedebicicletas.pt\/wp-content\/uploads\/2025\/12\/semfundo.png\" \/>\n\t<meta property=\"og:image:width\" content=\"500\" \/>\n\t<meta property=\"og:image:height\" content=\"500\" \/>\n\t<meta property=\"og:image:type\" content=\"image\/png\" \/>\n<meta name=\"twitter:card\" content=\"summary_large_image\" \/>\n<meta name=\"twitter:label1\" content=\"Estimated reading time\" \/>\n\t<meta name=\"twitter:data1\" content=\"1 minute\" \/>\n<script type=\"application\/ld+json\" class=\"yoast-schema-graph\">{\"@context\":\"https:\\\/\\\/schema.org\",\"@graph\":[{\"@type\":\"WebPage\",\"@id\":\"https:\\\/\\\/transportedebicicletas.pt\\\/contactos\\\/\",\"url\":\"https:\\\/\\\/transportedebicicletas.pt\\\/contactos\\\/\",\"name\":\"Contactos - Transporte de Ciclistas e Bicicletas\",\"isPartOf\":{\"@id\":\"https:\\\/\\\/transportedebicicletas.pt\\\/#website\"},\"primaryImageOfPage\":{\"@id\":\"https:\\\/\\\/transportedebicicletas.pt\\\/contactos\\\/#primaryimage\"},\"image\":{\"@id\":\"https:\\\/\\\/transportedebicicletas.pt\\\/contactos\\\/#primaryimage\"},\"thumbnailUrl\":\"https:\\\/\\\/transportedebicicletas.pt\\\/wp-content\\\/uploads\\\/2025\\\/12\\\/semfundo.png\",\"datePublished\":\"2023-02-16T10:12:53+00:00\",\"dateModified\":\"2025-12-06T14:51:22+00:00\",\"description\":\"Contacte-nos e obtenha um or\u00e7amento gratuito para o servi\u00e7o que necessita. Vamos ter consigo onde pretende.\",\"breadcrumb\":{\"@id\":\"https:\\\/\\\/transportedebicicletas.pt\\\/contactos\\\/#breadcrumb\"},\"inLanguage\":\"en-GB\",\"potentialAction\":[{\"@type\":\"ReadAction\",\"target\":[\"https:\\\/\\\/transportedebicicletas.pt\\\/contactos\\\/\"]}]},{\"@type\":\"ImageObject\",\"inLanguage\":\"en-GB\",\"@id\":\"https:\\\/\\\/transportedebicicletas.pt\\\/contactos\\\/#primaryimage\",\"url\":\"https:\\\/\\\/transportedebicicletas.pt\\\/wp-content\\\/uploads\\\/2025\\\/12\\\/semfundo.png\",\"contentUrl\":\"https:\\\/\\\/transportedebicicletas.pt\\\/wp-content\\\/uploads\\\/2025\\\/12\\\/semfundo.png\"},{\"@type\":\"BreadcrumbList\",\"@id\":\"https:\\\/\\\/transportedebicicletas.pt\\\/contactos\\\/#breadcrumb\",\"itemListElement\":[{\"@type\":\"ListItem\",\"position\":1,\"name\":\"In\u00edcio\",\"item\":\"https:\\\/\\\/transportedebicicletas.pt\\\/\"},{\"@type\":\"ListItem\",\"position\":2,\"name\":\"Contactos\"}]},{\"@type\":\"WebSite\",\"@id\":\"https:\\\/\\\/transportedebicicletas.pt\\\/#website\",\"url\":\"https:\\\/\\\/transportedebicicletas.pt\\\/\",\"name\":\"Transporte de Ciclistas e Bicicletas\",\"description\":\"Servi\u00e7o de transporte de bicicletas e ciclistas em Portugal e Espanha. Recolha em Santiago de Compostela e outros destinos. Dispomos de carrinha 9 lugares mais atrelado para 10 bicicletas.\",\"publisher\":{\"@id\":\"https:\\\/\\\/transportedebicicletas.pt\\\/#organization\"},\"alternateName\":\"Taxi de Ciclistas e Bicicletas\",\"potentialAction\":[{\"@type\":\"SearchAction\",\"target\":{\"@type\":\"EntryPoint\",\"urlTemplate\":\"https:\\\/\\\/transportedebicicletas.pt\\\/?s={search_term_string}\"},\"query-input\":{\"@type\":\"PropertyValueSpecification\",\"valueRequired\":true,\"valueName\":\"search_term_string\"}}],\"inLanguage\":\"en-GB\"},{\"@type\":\"Organization\",\"@id\":\"https:\\\/\\\/transportedebicicletas.pt\\\/#organization\",\"name\":\"Transporte de ciclistas e bicicletas em Portugal e Espanha\",\"alternateName\":\"Recolha de ciclistas e bicicletas\",\"url\":\"https:\\\/\\\/transportedebicicletas.pt\\\/\",\"logo\":{\"@type\":\"ImageObject\",\"inLanguage\":\"en-GB\",\"@id\":\"https:\\\/\\\/transportedebicicletas.pt\\\/#\\\/schema\\\/logo\\\/image\\\/\",\"url\":\"https:\\\/\\\/transportedebicicletas.pt\\\/wp-content\\\/uploads\\\/2023\\\/03\\\/Logotipo.png\",\"contentUrl\":\"https:\\\/\\\/transportedebicicletas.pt\\\/wp-content\\\/uploads\\\/2023\\\/03\\\/Logotipo.png\",\"width\":818,\"height\":799,\"caption\":\"Transporte de ciclistas e bicicletas em Portugal e Espanha\"},\"image\":{\"@id\":\"https:\\\/\\\/transportedebicicletas.pt\\\/#\\\/schema\\\/logo\\\/image\\\/\"},\"sameAs\":[\"https:\\\/\\\/www.facebook.com\\\/transportedebicicletas.pt\",\"https:\\\/\\\/www.instagram.com\\\/transportedebicicletas.pt\\\/\",\"https:\\\/\\\/www.youtube.com\\\/@transportedebicicletas\"]}]}<\/script>\n<!-- \/ Yoast SEO plugin. -->","yoast_head_json":{"title":"Contactos - Transporte de Ciclistas e Bicicletas","description":"Contacte-nos e obtenha um or\u00e7amento gratuito para o servi\u00e7o que necessita. Vamos ter consigo onde pretende.","robots":{"index":"index","follow":"follow","max-snippet":"max-snippet:-1","max-image-preview":"max-image-preview:large","max-video-preview":"max-video-preview:-1"},"canonical":"https:\/\/transportedebicicletas.pt\/en\/contacts\/","og_locale":"en_GB","og_type":"article","og_title":"Contactos - Transporte de Ciclistas e Bicicletas","og_description":"Contacte-nos e obtenha um or\u00e7amento gratuito para o servi\u00e7o que necessita. Vamos ter consigo onde pretende.","og_url":"https:\/\/transportedebicicletas.pt\/en\/contacts\/","og_site_name":"Transporte de Ciclistas e Bicicletas","article_publisher":"https:\/\/www.facebook.com\/transportedebicicletas.pt","article_modified_time":"2025-12-06T14:51:22+00:00","og_image":[{"width":500,"height":500,"url":"https:\/\/transportedebicicletas.pt\/wp-content\/uploads\/2025\/12\/semfundo.png","type":"image\/png"}],"twitter_card":"summary_large_image","twitter_misc":{"Estimated reading time":"1 minute"},"schema":{"@context":"https:\/\/schema.org","@graph":[{"@type":"WebPage","@id":"https:\/\/transportedebicicletas.pt\/contactos\/","url":"https:\/\/transportedebicicletas.pt\/contactos\/","name":"Contactos - Transporte de Ciclistas e Bicicletas","isPartOf":{"@id":"https:\/\/transportedebicicletas.pt\/#website"},"primaryImageOfPage":{"@id":"https:\/\/transportedebicicletas.pt\/contactos\/#primaryimage"},"image":{"@id":"https:\/\/transportedebicicletas.pt\/contactos\/#primaryimage"},"thumbnailUrl":"https:\/\/transportedebicicletas.pt\/wp-content\/uploads\/2025\/12\/semfundo.png","datePublished":"2023-02-16T10:12:53+00:00","dateModified":"2025-12-06T14:51:22+00:00","description":"Contacte-nos e obtenha um or\u00e7amento gratuito para o servi\u00e7o que necessita. Vamos ter consigo onde pretende.","breadcrumb":{"@id":"https:\/\/transportedebicicletas.pt\/contactos\/#breadcrumb"},"inLanguage":"en-GB","potentialAction":[{"@type":"ReadAction","target":["https:\/\/transportedebicicletas.pt\/contactos\/"]}]},{"@type":"ImageObject","inLanguage":"en-GB","@id":"https:\/\/transportedebicicletas.pt\/contactos\/#primaryimage","url":"https:\/\/transportedebicicletas.pt\/wp-content\/uploads\/2025\/12\/semfundo.png","contentUrl":"https:\/\/transportedebicicletas.pt\/wp-content\/uploads\/2025\/12\/semfundo.png"},{"@type":"BreadcrumbList","@id":"https:\/\/transportedebicicletas.pt\/contactos\/#breadcrumb","itemListElement":[{"@type":"ListItem","position":1,"name":"In\u00edcio","item":"https:\/\/transportedebicicletas.pt\/"},{"@type":"ListItem","position":2,"name":"Contactos"}]},{"@type":"WebSite","@id":"https:\/\/transportedebicicletas.pt\/#website","url":"https:\/\/transportedebicicletas.pt\/","name":"Taxi Service of Cyclists and Bicycles","description":"Taxi service in Portugal and Spain for cyclists and bicycles. We pick you up in Santiago de Compostela and other places. We offer a 9 seat van and trailer for 10 bikes.","publisher":{"@id":"https:\/\/transportedebicicletas.pt\/#organization"},"alternateName":"Taxi de Ciclistas e Bicicletas","potentialAction":[{"@type":"SearchAction","target":{"@type":"EntryPoint","urlTemplate":"https:\/\/transportedebicicletas.pt\/?s={search_term_string}"},"query-input":{"@type":"PropertyValueSpecification","valueRequired":true,"valueName":"search_term_string"}}],"inLanguage":"en-GB"},{"@type":"Organization","@id":"https:\/\/transportedebicicletas.pt\/#organization","name":"Taxi service of cyclists and bicycles in Portugal and Spain","alternateName":"Recolha de ciclistas e bicicletas","url":"https:\/\/transportedebicicletas.pt\/","logo":{"@type":"ImageObject","inLanguage":"en-GB","@id":"https:\/\/transportedebicicletas.pt\/#\/schema\/logo\/image\/","url":"https:\/\/transportedebicicletas.pt\/wp-content\/uploads\/2023\/03\/Logotipo.png","contentUrl":"https:\/\/transportedebicicletas.pt\/wp-content\/uploads\/2023\/03\/Logotipo.png","width":818,"height":799,"caption":"Transporte de ciclistas e bicicletas em Portugal e Espanha"},"image":{"@id":"https:\/\/transportedebicicletas.pt\/#\/schema\/logo\/image\/"},"sameAs":["https:\/\/www.facebook.com\/transportedebicicletas.pt","https:\/\/www.instagram.com\/transportedebicicletas.pt\/","https:\/\/www.youtube.com\/@transportedebicicletas"]}]}},"_links":{"self":[{"href":"https:\/\/transportedebicicletas.pt\/en\/wp-json\/wp\/v2\/pages\/8","targetHints":{"allow":["GET"]}}],"collection":[{"href":"https:\/\/transportedebicicletas.pt\/en\/wp-json\/wp\/v2\/pages"}],"about":[{"href":"https:\/\/transportedebicicletas.pt\/en\/wp-json\/wp\/v2\/types\/page"}],"author":[{"embeddable":true,"href":"https:\/\/transportedebicicletas.pt\/en\/wp-json\/wp\/v2\/users\/1"}],"replies":[{"embeddable":true,"href":"https:\/\/transportedebicicletas.pt\/en\/wp-json\/wp\/v2\/comments?post=8"}],"version-history":[{"count":54,"href":"https:\/\/transportedebicicletas.pt\/en\/wp-json\/wp\/v2\/pages\/8\/revisions"}],"predecessor-version":[{"id":1436,"href":"https:\/\/transportedebicicletas.pt\/en\/wp-json\/wp\/v2\/pages\/8\/revisions\/1436"}],"wp:attachment":[{"href":"https:\/\/transportedebicicletas.pt\/en\/wp-json\/wp\/v2\/media?parent=8"}],"curies":[{"name":"wp","href":"https:\/\/api.w.org\/{rel}","templated":true}]}}