{"id":600,"date":"2023-02-23T19:47:21","date_gmt":"2023-02-23T19:47:21","guid":{"rendered":"https:\/\/transportedebicicletas.pt\/?page_id=600"},"modified":"2025-11-28T21:46:11","modified_gmt":"2025-11-28T21:46:11","slug":"luggage-transfer-bike-support","status":"publish","type":"page","link":"https:\/\/transportedebicicletas.pt\/en\/luggage-transfer-bike-support\/","title":{"rendered":"Luggage Transfer"},"content":{"rendered":"\t\t<div data-elementor-type=\"wp-page\" data-elementor-id=\"600\" class=\"elementor elementor-600\" data-elementor-post-type=\"page\">\n\t\t\t\t\t\t<section class=\"elementor-section elementor-top-section elementor-element elementor-element-6ba65c9 elementor-section-boxed elementor-section-height-default elementor-section-height-default\" data-id=\"6ba65c9\" data-element_type=\"section\" data-e-type=\"section\">\n\t\t\t\t\t\t<div class=\"elementor-container elementor-column-gap-default\">\n\t\t\t\t\t<div class=\"elementor-column elementor-col-100 elementor-top-column elementor-element elementor-element-8c605f5\" data-id=\"8c605f5\" data-element_type=\"column\" data-e-type=\"column\">\n\t\t\t<div class=\"elementor-widget-wrap elementor-element-populated\">\n\t\t\t\t\t\t<div class=\"elementor-element elementor-element-347c7d0 elementor-widget elementor-widget-text-editor\" data-id=\"347c7d0\" data-element_type=\"widget\" data-e-type=\"widget\" data-widget_type=\"text-editor.default\">\n\t\t\t\t\t\t\t\t\t<p>Apoio em Viagem &#8211; Transporte de malas e bicicletas. Muitos dos passeios de bicicleta de grupos exigem determinados apoios log\u00edsticos como transporte de malas e transporte de pe\u00e7as suplentes. Desta forma podemos oferecer um servi\u00e7o de qualidade com muito espa\u00e7o de acomoda\u00e7\u00e3o e uma carrinha equipada com Wi-Fi e Ar condicionado. Este servi\u00e7o inclui o transporte das bicicletas e dos passageiros durante a viagem e\/ou no regresso.<\/p>\t\t\t\t\t\t\t\t<\/div>\n\t\t\t\t\t<\/div>\n\t\t<\/div>\n\t\t\t\t\t<\/div>\n\t\t<\/section>\n\t\t\t\t<section class=\"elementor-section elementor-top-section elementor-element elementor-element-361890c elementor-section-boxed elementor-section-height-default elementor-section-height-default\" data-id=\"361890c\" data-element_type=\"section\" data-e-type=\"section\">\n\t\t\t\t\t\t<div class=\"elementor-container elementor-column-gap-default\">\n\t\t\t\t\t<div class=\"elementor-column elementor-col-50 elementor-top-column elementor-element elementor-element-82a5a41\" data-id=\"82a5a41\" data-element_type=\"column\" data-e-type=\"column\">\n\t\t\t<div class=\"elementor-widget-wrap elementor-element-populated\">\n\t\t\t\t\t\t<div class=\"elementor-element elementor-element-0696c36 elementor-widget elementor-widget-image\" data-id=\"0696c36\" data-element_type=\"widget\" data-e-type=\"widget\" data-widget_type=\"image.default\">\n\t\t\t\t\t\t\t\t\t\t\t\t\t\t\t<img fetchpriority=\"high\" decoding=\"async\" width=\"640\" height=\"480\" src=\"https:\/\/transportedebicicletas.pt\/wp-content\/uploads\/2023\/02\/51529336089_1f1d3ab4e7_c.jpg\" class=\"attachment-large size-large wp-image-135\" alt=\"\" srcset=\"https:\/\/transportedebicicletas.pt\/wp-content\/uploads\/2023\/02\/51529336089_1f1d3ab4e7_c.jpg 800w, https:\/\/transportedebicicletas.pt\/wp-content\/uploads\/2023\/02\/51529336089_1f1d3ab4e7_c-300x225.jpg 300w, https:\/\/transportedebicicletas.pt\/wp-content\/uploads\/2023\/02\/51529336089_1f1d3ab4e7_c-768x576.jpg 768w\" sizes=\"(max-width: 640px) 100vw, 640px\" \/>\t\t\t\t\t\t\t\t\t\t\t\t\t\t\t<\/div>\n\t\t\t\t\t<\/div>\n\t\t<\/div>\n\t\t\t\t<div class=\"elementor-column elementor-col-50 elementor-top-column elementor-element elementor-element-ea192f0\" data-id=\"ea192f0\" data-element_type=\"column\" data-e-type=\"column\">\n\t\t\t<div class=\"elementor-widget-wrap elementor-element-populated\">\n\t\t\t\t\t\t<div class=\"elementor-element elementor-element-6e313d0 elementor-widget elementor-widget-image\" data-id=\"6e313d0\" data-element_type=\"widget\" data-e-type=\"widget\" data-widget_type=\"image.default\">\n\t\t\t\t\t\t\t\t\t\t\t\t\t\t\t<img decoding=\"async\" width=\"640\" height=\"480\" src=\"https:\/\/transportedebicicletas.pt\/wp-content\/uploads\/2023\/02\/51529568060_d9797f77fc_c.jpg\" class=\"attachment-large size-large wp-image-603\" alt=\"\" srcset=\"https:\/\/transportedebicicletas.pt\/wp-content\/uploads\/2023\/02\/51529568060_d9797f77fc_c.jpg 800w, https:\/\/transportedebicicletas.pt\/wp-content\/uploads\/2023\/02\/51529568060_d9797f77fc_c-300x225.jpg 300w, https:\/\/transportedebicicletas.pt\/wp-content\/uploads\/2023\/02\/51529568060_d9797f77fc_c-768x576.jpg 768w\" sizes=\"(max-width: 640px) 100vw, 640px\" \/>\t\t\t\t\t\t\t\t\t\t\t\t\t\t\t<\/div>\n\t\t\t\t\t<\/div>\n\t\t<\/div>\n\t\t\t\t\t<\/div>\n\t\t<\/section>\n\t\t\t\t<section class=\"elementor-section elementor-top-section elementor-element elementor-element-b21491b elementor-section-boxed elementor-section-height-default elementor-section-height-default\" data-id=\"b21491b\" data-element_type=\"section\" data-e-type=\"section\">\n\t\t\t\t\t\t<div class=\"elementor-container elementor-column-gap-default\">\n\t\t\t\t\t<div class=\"elementor-column elementor-col-100 elementor-top-column elementor-element elementor-element-aaafbd9\" data-id=\"aaafbd9\" data-element_type=\"column\" data-e-type=\"column\">\n\t\t\t<div class=\"elementor-widget-wrap elementor-element-populated\">\n\t\t\t\t\t\t<div class=\"elementor-element elementor-element-a0fc31b elementor-widget elementor-widget-heading\" data-id=\"a0fc31b\" data-element_type=\"widget\" data-e-type=\"widget\" data-widget_type=\"heading.default\">\n\t\t\t\t\t<h2 class=\"elementor-heading-title elementor-size-default\">Envie-nos o seu pedido<\/h2>\t\t\t\t<\/div>\n\t\t\t\t\t<\/div>\n\t\t<\/div>\n\t\t\t\t\t<\/div>\n\t\t<\/section>\n\t\t\t\t<section class=\"elementor-section elementor-top-section elementor-element elementor-element-7c476fa elementor-section-boxed elementor-section-height-default elementor-section-height-default\" data-id=\"7c476fa\" data-element_type=\"section\" data-e-type=\"section\">\n\t\t\t\t\t\t<div class=\"elementor-container elementor-column-gap-default\">\n\t\t\t\t\t<div class=\"elementor-column elementor-col-100 elementor-top-column elementor-element elementor-element-9738156\" data-id=\"9738156\" data-element_type=\"column\" data-e-type=\"column\">\n\t\t\t<div class=\"elementor-widget-wrap elementor-element-populated\">\n\t\t\t\t\t\t<div class=\"elementor-element elementor-element-39a06a8 elementor-widget elementor-widget-wpforms\" data-id=\"39a06a8\" data-element_type=\"widget\" data-e-type=\"widget\" data-widget_type=\"wpforms.default\">\n\t\t\t\t<div class=\"elementor-widget-container\">\n\t\t\t\t\t<div class=\"wpforms-container wpforms-container-full\" id=\"wpforms-842\"><form id=\"wpforms-form-842\" class=\"wpforms-validate wpforms-form wpforms-ajax-form\" data-formid=\"842\" method=\"post\" enctype=\"multipart\/form-data\" action=\"\/en\/wp-json\/wp\/v2\/pages\/600\" data-token=\"03bcf7207caee9ef49c16d40bb70a047\" data-token-time=\"1776329220\"><noscript class=\"wpforms-error-noscript\">Please enable JavaScript in your browser to complete this form.<\/noscript><div class=\"wpforms-field-container\"><div id=\"wpforms-842-field_1-container\" class=\"wpforms-field wpforms-field-text\" data-field-id=\"1\"><label class=\"wpforms-field-label\" for=\"wpforms-842-field_1\">Nome <span class=\"wpforms-required-label\">*<\/span><\/label><input type=\"text\" id=\"wpforms-842-field_1\" class=\"wpforms-field-medium wpforms-field-required\" name=\"wpforms[fields][1]\" required><\/div><div id=\"wpforms-842-field_2-container\" class=\"wpforms-field wpforms-field-text\" data-field-id=\"2\"><label class=\"wpforms-field-label\" for=\"wpforms-842-field_2\">Email <span class=\"wpforms-required-label\">*<\/span><\/label><input type=\"text\" id=\"wpforms-842-field_2\" class=\"wpforms-field-medium wpforms-field-required\" name=\"wpforms[fields][2]\" required><\/div><div id=\"wpforms-842-field_3-container\" class=\"wpforms-field wpforms-field-text\" data-field-id=\"3\"><label class=\"wpforms-field-label\" for=\"wpforms-842-field_3\">Data desejada <span class=\"wpforms-required-label\">*<\/span><\/label><input type=\"text\" id=\"wpforms-842-field_3\" class=\"wpforms-field-medium wpforms-field-required\" name=\"wpforms[fields][3]\" required><\/div><div id=\"wpforms-842-field_7-container\" class=\"wpforms-field wpforms-field-text\" data-field-id=\"7\"><label class=\"wpforms-field-label\" for=\"wpforms-842-field_7\">Cidade de Recolha <span class=\"wpforms-required-label\">*<\/span><\/label><input type=\"text\" id=\"wpforms-842-field_7\" class=\"wpforms-field-medium wpforms-field-required\" name=\"wpforms[fields][7]\" required><\/div><div id=\"wpforms-842-field_8-container\" class=\"wpforms-field wpforms-field-text\" data-field-id=\"8\"><label class=\"wpforms-field-label\" for=\"wpforms-842-field_8\">Cidade de Destino <span class=\"wpforms-required-label\">*<\/span><\/label><input type=\"text\" id=\"wpforms-842-field_8\" class=\"wpforms-field-medium wpforms-field-required\" name=\"wpforms[fields][8]\" required><\/div><div id=\"wpforms-842-field_9-container\" class=\"wpforms-field wpforms-field-text\" data-field-id=\"9\"><label class=\"wpforms-field-label\" for=\"wpforms-842-field_9\">N\u00famero de Ciclistas\/Bicicletas <span class=\"wpforms-required-label\">*<\/span><\/label><input type=\"text\" id=\"wpforms-842-field_9\" class=\"wpforms-field-medium wpforms-field-required\" name=\"wpforms[fields][9]\" required><\/div><div id=\"wpforms-842-field_11-container\" class=\"wpforms-field wpforms-field-radio\" data-field-id=\"11\"><label class=\"wpforms-field-label\">Qual o tipo de bicicleta?<\/label><ul id=\"wpforms-842-field_11\"><li class=\"choice-1 depth-1\"><input type=\"radio\" id=\"wpforms-842-field_11_1\" name=\"wpforms[fields][11]\" value=\"BTT c\/ alforges e guarda lamas\"  ><label class=\"wpforms-field-label-inline\" for=\"wpforms-842-field_11_1\">BTT c\/ alforges e guarda lamas<\/label><\/li><li class=\"choice-4 depth-1\"><input type=\"radio\" id=\"wpforms-842-field_11_4\" name=\"wpforms[fields][11]\" value=\"BTT normal roda 27.5\/29\"  ><label class=\"wpforms-field-label-inline\" for=\"wpforms-842-field_11_4\">BTT normal roda 27.5\/29<\/label><\/li><li class=\"choice-5 depth-1\"><input type=\"radio\" id=\"wpforms-842-field_11_5\" name=\"wpforms[fields][11]\" value=\"BTT Eletrica\"  ><label class=\"wpforms-field-label-inline\" for=\"wpforms-842-field_11_5\">BTT Eletrica<\/label><\/li><li class=\"choice-6 depth-1\"><input type=\"radio\" id=\"wpforms-842-field_11_6\" name=\"wpforms[fields][11]\" value=\"Bicicleta de Estrada\/Gravel\"  ><label class=\"wpforms-field-label-inline\" for=\"wpforms-842-field_11_6\">Bicicleta de Estrada\/Gravel<\/label><\/li><li class=\"choice-2 depth-1\"><input type=\"radio\" id=\"wpforms-842-field_11_2\" name=\"wpforms[fields][11]\" value=\"Citadina Normal\"  ><label class=\"wpforms-field-label-inline\" for=\"wpforms-842-field_11_2\">Citadina Normal<\/label><\/li><li class=\"choice-3 depth-1\"><input type=\"radio\" id=\"wpforms-842-field_11_3\" name=\"wpforms[fields][11]\" value=\"Citadina Eletrica\"  ><label class=\"wpforms-field-label-inline\" for=\"wpforms-842-field_11_3\">Citadina Eletrica<\/label><\/li><\/ul><\/div><div id=\"wpforms-842-field_4-container\" class=\"wpforms-field wpforms-field-text\" data-field-id=\"4\"><label class=\"wpforms-field-label\" for=\"wpforms-842-field_4\">Descreva o seu pedido <span class=\"wpforms-required-label\">*<\/span><\/label><input type=\"text\" id=\"wpforms-842-field_4\" class=\"wpforms-field-medium wpforms-field-required\" name=\"wpforms[fields][4]\" required><\/div><div id=\"wpforms-842-field_5-container\" class=\"wpforms-field wpforms-field-checkbox\" data-field-id=\"5\"><ul id=\"wpforms-842-field_5\" class=\"wpforms-field-required\"><li class=\"choice-1 depth-1\"><input type=\"checkbox\" id=\"wpforms-842-field_5_1\" name=\"wpforms[fields][5][]\" value=\"Aceito fornecer estes dados em compromisso de que n\u00e3o sejam usados para outros fins que n\u00e3o este\" required ><label class=\"wpforms-field-label-inline\" for=\"wpforms-842-field_5_1\">Aceito fornecer estes dados em compromisso de que n\u00e3o sejam usados para outros fins que n\u00e3o este<\/label><\/li><\/ul><\/div><\/div><!-- .wpforms-field-container --><div class=\"wpforms-submit-container\" ><input type=\"hidden\" name=\"wpforms[id]\" value=\"842\"><input type=\"hidden\" name=\"page_title\" value=\"\"><input type=\"hidden\" name=\"page_url\" value=\"https:\/\/transportedebicicletas.pt\/en\/wp-json\/wp\/v2\/pages\/600\"><input type=\"hidden\" name=\"url_referer\" value=\"\"><button type=\"submit\" name=\"wpforms[submit]\" id=\"wpforms-submit-842\" class=\"wpforms-submit\" data-alt-text=\"Sending...\" data-submit-text=\"Submit\" aria-live=\"assertive\" value=\"wpforms-submit\">Submit<\/button><img decoding=\"async\" src=\"https:\/\/transportedebicicletas.pt\/wp-content\/plugins\/wpforms-lite\/assets\/images\/submit-spin.svg\" class=\"wpforms-submit-spinner\" style=\"display: none;\" width=\"26\" height=\"26\" alt=\"Loading\"><\/div><\/form><\/div>  <!-- .wpforms-container -->\t\t\t\t<\/div>\n\t\t\t\t<\/div>\n\t\t\t\t\t<\/div>\n\t\t<\/div>\n\t\t\t\t\t<\/div>\n\t\t<\/section>\n\t\t\t\t<\/div>\n\t\t","protected":false},"excerpt":{"rendered":"<p>Apoio em Viagem &#8211; Transporte de malas e bicicletas. Muitos dos passeios de bicicleta de grupos exigem determinados apoios log\u00edsticos como transporte de malas e transporte de pe\u00e7as suplentes. Desta forma podemos oferecer um servi\u00e7o de qualidade com muito espa\u00e7o de acomoda\u00e7\u00e3o e uma carrinha equipada com Wi-Fi e Ar condicionado. Este servi\u00e7o inclui o [&hellip;]<\/p>\n","protected":false},"author":1,"featured_media":0,"parent":0,"menu_order":0,"comment_status":"closed","ping_status":"closed","template":"","meta":{"footnotes":""},"class_list":["post-600","page","type-page","status-publish","hentry"],"yoast_head":"<!-- This site is optimized with the Yoast SEO plugin v27.4 - https:\/\/yoast.com\/product\/yoast-seo-wordpress\/ -->\n<title>Apoio em Viagem - Transporte de malas e bicicletas<\/title>\n<meta name=\"description\" content=\"Apoio em Viagem - Transporte de malas e bicicletas. Acompanhamos grupos de bicicleta que pretendam apoio log\u00edstico com as malas ou bicicletas\" \/>\n<meta name=\"robots\" content=\"index, follow, max-snippet:-1, max-image-preview:large, max-video-preview:-1\" \/>\n<link rel=\"canonical\" href=\"https:\/\/transportedebicicletas.pt\/en\/luggage-transfer-bike-support\/\" \/>\n<meta property=\"og:locale\" content=\"en_GB\" \/>\n<meta property=\"og:type\" content=\"article\" \/>\n<meta property=\"og:title\" content=\"Apoio em Viagem - Transporte de malas e bicicletas\" \/>\n<meta property=\"og:description\" content=\"Apoio em Viagem - Transporte de malas e bicicletas. Acompanhamos grupos de bicicleta que pretendam apoio log\u00edstico com as malas ou bicicletas\" \/>\n<meta property=\"og:url\" content=\"https:\/\/transportedebicicletas.pt\/en\/luggage-transfer-bike-support\/\" \/>\n<meta property=\"og:site_name\" content=\"Transporte de Ciclistas e Bicicletas\" \/>\n<meta property=\"article:publisher\" content=\"https:\/\/www.facebook.com\/transportedebicicletas.pt\" \/>\n<meta property=\"article:modified_time\" content=\"2025-11-28T21:46:11+00:00\" \/>\n<meta property=\"og:image\" content=\"https:\/\/transportedebicicletas.pt\/wp-content\/uploads\/2023\/02\/51529336089_1f1d3ab4e7_c.jpg\" \/>\n\t<meta property=\"og:image:width\" content=\"800\" \/>\n\t<meta property=\"og:image:height\" content=\"600\" \/>\n\t<meta property=\"og:image:type\" content=\"image\/jpeg\" \/>\n<meta name=\"twitter:card\" content=\"summary_large_image\" \/>\n<meta name=\"twitter:label1\" content=\"Estimated reading time\" \/>\n\t<meta name=\"twitter:data1\" content=\"1 minute\" \/>\n<script type=\"application\/ld+json\" class=\"yoast-schema-graph\">{\"@context\":\"https:\\\/\\\/schema.org\",\"@graph\":[{\"@type\":\"WebPage\",\"@id\":\"https:\\\/\\\/transportedebicicletas.pt\\\/apoio-em-viagem-acompanhamento-malas-transporte\\\/\",\"url\":\"https:\\\/\\\/transportedebicicletas.pt\\\/apoio-em-viagem-acompanhamento-malas-transporte\\\/\",\"name\":\"Apoio em Viagem - Transporte de malas e bicicletas\",\"isPartOf\":{\"@id\":\"https:\\\/\\\/transportedebicicletas.pt\\\/#website\"},\"primaryImageOfPage\":{\"@id\":\"https:\\\/\\\/transportedebicicletas.pt\\\/apoio-em-viagem-acompanhamento-malas-transporte\\\/#primaryimage\"},\"image\":{\"@id\":\"https:\\\/\\\/transportedebicicletas.pt\\\/apoio-em-viagem-acompanhamento-malas-transporte\\\/#primaryimage\"},\"thumbnailUrl\":\"https:\\\/\\\/transportedebicicletas.pt\\\/wp-content\\\/uploads\\\/2023\\\/02\\\/51529336089_1f1d3ab4e7_c.jpg\",\"datePublished\":\"2023-02-23T19:47:21+00:00\",\"dateModified\":\"2025-11-28T21:46:11+00:00\",\"description\":\"Apoio em Viagem - Transporte de malas e bicicletas. Acompanhamos grupos de bicicleta que pretendam apoio log\u00edstico com as malas ou bicicletas\",\"breadcrumb\":{\"@id\":\"https:\\\/\\\/transportedebicicletas.pt\\\/apoio-em-viagem-acompanhamento-malas-transporte\\\/#breadcrumb\"},\"inLanguage\":\"en-GB\",\"potentialAction\":[{\"@type\":\"ReadAction\",\"target\":[\"https:\\\/\\\/transportedebicicletas.pt\\\/apoio-em-viagem-acompanhamento-malas-transporte\\\/\"]}]},{\"@type\":\"ImageObject\",\"inLanguage\":\"en-GB\",\"@id\":\"https:\\\/\\\/transportedebicicletas.pt\\\/apoio-em-viagem-acompanhamento-malas-transporte\\\/#primaryimage\",\"url\":\"https:\\\/\\\/transportedebicicletas.pt\\\/wp-content\\\/uploads\\\/2023\\\/02\\\/51529336089_1f1d3ab4e7_c.jpg\",\"contentUrl\":\"https:\\\/\\\/transportedebicicletas.pt\\\/wp-content\\\/uploads\\\/2023\\\/02\\\/51529336089_1f1d3ab4e7_c.jpg\"},{\"@type\":\"BreadcrumbList\",\"@id\":\"https:\\\/\\\/transportedebicicletas.pt\\\/apoio-em-viagem-acompanhamento-malas-transporte\\\/#breadcrumb\",\"itemListElement\":[{\"@type\":\"ListItem\",\"position\":1,\"name\":\"In\u00edcio\",\"item\":\"https:\\\/\\\/transportedebicicletas.pt\\\/\"},{\"@type\":\"ListItem\",\"position\":2,\"name\":\"Apoio em Viagem\"}]},{\"@type\":\"WebSite\",\"@id\":\"https:\\\/\\\/transportedebicicletas.pt\\\/#website\",\"url\":\"https:\\\/\\\/transportedebicicletas.pt\\\/\",\"name\":\"Transporte de Ciclistas e Bicicletas\",\"description\":\"Servi\u00e7o de transporte de bicicletas e ciclistas em Portugal e Espanha. Recolha em Santiago de Compostela e outros destinos. Dispomos de carrinha 9 lugares mais atrelado para 10 bicicletas.\",\"publisher\":{\"@id\":\"https:\\\/\\\/transportedebicicletas.pt\\\/#organization\"},\"alternateName\":\"Taxi de Ciclistas e Bicicletas\",\"potentialAction\":[{\"@type\":\"SearchAction\",\"target\":{\"@type\":\"EntryPoint\",\"urlTemplate\":\"https:\\\/\\\/transportedebicicletas.pt\\\/?s={search_term_string}\"},\"query-input\":{\"@type\":\"PropertyValueSpecification\",\"valueRequired\":true,\"valueName\":\"search_term_string\"}}],\"inLanguage\":\"en-GB\"},{\"@type\":\"Organization\",\"@id\":\"https:\\\/\\\/transportedebicicletas.pt\\\/#organization\",\"name\":\"Transporte de ciclistas e bicicletas em Portugal e Espanha\",\"alternateName\":\"Recolha de ciclistas e bicicletas\",\"url\":\"https:\\\/\\\/transportedebicicletas.pt\\\/\",\"logo\":{\"@type\":\"ImageObject\",\"inLanguage\":\"en-GB\",\"@id\":\"https:\\\/\\\/transportedebicicletas.pt\\\/#\\\/schema\\\/logo\\\/image\\\/\",\"url\":\"https:\\\/\\\/transportedebicicletas.pt\\\/wp-content\\\/uploads\\\/2023\\\/03\\\/Logotipo.png\",\"contentUrl\":\"https:\\\/\\\/transportedebicicletas.pt\\\/wp-content\\\/uploads\\\/2023\\\/03\\\/Logotipo.png\",\"width\":818,\"height\":799,\"caption\":\"Transporte de ciclistas e bicicletas em Portugal e Espanha\"},\"image\":{\"@id\":\"https:\\\/\\\/transportedebicicletas.pt\\\/#\\\/schema\\\/logo\\\/image\\\/\"},\"sameAs\":[\"https:\\\/\\\/www.facebook.com\\\/transportedebicicletas.pt\",\"https:\\\/\\\/www.instagram.com\\\/transportedebicicletas.pt\\\/\",\"https:\\\/\\\/www.youtube.com\\\/@transportedebicicletas\"]}]}<\/script>\n<!-- \/ Yoast SEO plugin. -->","yoast_head_json":{"title":"Travelling support - Luggage and bike transfer","description":"Luggage transfer - Transport of bicycles and luggage. We also give logistic support with our van along the tour.","robots":{"index":"index","follow":"follow","max-snippet":"max-snippet:-1","max-image-preview":"max-image-preview:large","max-video-preview":"max-video-preview:-1"},"canonical":"https:\/\/transportedebicicletas.pt\/en\/luggage-transfer-bike-support\/","og_locale":"en_GB","og_type":"article","og_title":"Apoio em Viagem - Transporte de malas e bicicletas","og_description":"Apoio em Viagem - Transporte de malas e bicicletas. Acompanhamos grupos de bicicleta que pretendam apoio log\u00edstico com as malas ou bicicletas","og_url":"https:\/\/transportedebicicletas.pt\/en\/luggage-transfer-bike-support\/","og_site_name":"Transporte de Ciclistas e Bicicletas","article_publisher":"https:\/\/www.facebook.com\/transportedebicicletas.pt","article_modified_time":"2025-11-28T21:46:11+00:00","og_image":[{"width":800,"height":600,"url":"https:\/\/transportedebicicletas.pt\/wp-content\/uploads\/2023\/02\/51529336089_1f1d3ab4e7_c.jpg","type":"image\/jpeg"}],"twitter_card":"summary_large_image","twitter_misc":{"Estimated reading time":"1 minute"},"schema":{"@context":"https:\/\/schema.org","@graph":[{"@type":"WebPage","@id":"https:\/\/transportedebicicletas.pt\/apoio-em-viagem-acompanhamento-malas-transporte\/","url":"https:\/\/transportedebicicletas.pt\/apoio-em-viagem-acompanhamento-malas-transporte\/","name":"Travelling support - Luggage and bike transfer","isPartOf":{"@id":"https:\/\/transportedebicicletas.pt\/#website"},"primaryImageOfPage":{"@id":"https:\/\/transportedebicicletas.pt\/apoio-em-viagem-acompanhamento-malas-transporte\/#primaryimage"},"image":{"@id":"https:\/\/transportedebicicletas.pt\/apoio-em-viagem-acompanhamento-malas-transporte\/#primaryimage"},"thumbnailUrl":"https:\/\/transportedebicicletas.pt\/wp-content\/uploads\/2023\/02\/51529336089_1f1d3ab4e7_c.jpg","datePublished":"2023-02-23T19:47:21+00:00","dateModified":"2025-11-28T21:46:11+00:00","description":"Luggage transfer - Transport of bicycles and luggage. We also give logistic support with our van along the tour.","breadcrumb":{"@id":"https:\/\/transportedebicicletas.pt\/apoio-em-viagem-acompanhamento-malas-transporte\/#breadcrumb"},"inLanguage":"en-GB","potentialAction":[{"@type":"ReadAction","target":["https:\/\/transportedebicicletas.pt\/apoio-em-viagem-acompanhamento-malas-transporte\/"]}]},{"@type":"ImageObject","inLanguage":"en-GB","@id":"https:\/\/transportedebicicletas.pt\/apoio-em-viagem-acompanhamento-malas-transporte\/#primaryimage","url":"https:\/\/transportedebicicletas.pt\/wp-content\/uploads\/2023\/02\/51529336089_1f1d3ab4e7_c.jpg","contentUrl":"https:\/\/transportedebicicletas.pt\/wp-content\/uploads\/2023\/02\/51529336089_1f1d3ab4e7_c.jpg"},{"@type":"BreadcrumbList","@id":"https:\/\/transportedebicicletas.pt\/apoio-em-viagem-acompanhamento-malas-transporte\/#breadcrumb","itemListElement":[{"@type":"ListItem","position":1,"name":"In\u00edcio","item":"https:\/\/transportedebicicletas.pt\/"},{"@type":"ListItem","position":2,"name":"Apoio em Viagem"}]},{"@type":"WebSite","@id":"https:\/\/transportedebicicletas.pt\/#website","url":"https:\/\/transportedebicicletas.pt\/","name":"Taxi Service of Cyclists and Bicycles","description":"Taxi service in Portugal and Spain for cyclists and bicycles. We pick you up in Santiago de Compostela and other places. We offer a 9 seat van and trailer for 10 bikes.","publisher":{"@id":"https:\/\/transportedebicicletas.pt\/#organization"},"alternateName":"Taxi de Ciclistas e Bicicletas","potentialAction":[{"@type":"SearchAction","target":{"@type":"EntryPoint","urlTemplate":"https:\/\/transportedebicicletas.pt\/?s={search_term_string}"},"query-input":{"@type":"PropertyValueSpecification","valueRequired":true,"valueName":"search_term_string"}}],"inLanguage":"en-GB"},{"@type":"Organization","@id":"https:\/\/transportedebicicletas.pt\/#organization","name":"Taxi service of cyclists and bicycles in Portugal and Spain","alternateName":"Recolha de ciclistas e bicicletas","url":"https:\/\/transportedebicicletas.pt\/","logo":{"@type":"ImageObject","inLanguage":"en-GB","@id":"https:\/\/transportedebicicletas.pt\/#\/schema\/logo\/image\/","url":"https:\/\/transportedebicicletas.pt\/wp-content\/uploads\/2023\/03\/Logotipo.png","contentUrl":"https:\/\/transportedebicicletas.pt\/wp-content\/uploads\/2023\/03\/Logotipo.png","width":818,"height":799,"caption":"Transporte de ciclistas e bicicletas em Portugal e Espanha"},"image":{"@id":"https:\/\/transportedebicicletas.pt\/#\/schema\/logo\/image\/"},"sameAs":["https:\/\/www.facebook.com\/transportedebicicletas.pt","https:\/\/www.instagram.com\/transportedebicicletas.pt\/","https:\/\/www.youtube.com\/@transportedebicicletas"]}]}},"_links":{"self":[{"href":"https:\/\/transportedebicicletas.pt\/en\/wp-json\/wp\/v2\/pages\/600","targetHints":{"allow":["GET"]}}],"collection":[{"href":"https:\/\/transportedebicicletas.pt\/en\/wp-json\/wp\/v2\/pages"}],"about":[{"href":"https:\/\/transportedebicicletas.pt\/en\/wp-json\/wp\/v2\/types\/page"}],"author":[{"embeddable":true,"href":"https:\/\/transportedebicicletas.pt\/en\/wp-json\/wp\/v2\/users\/1"}],"replies":[{"embeddable":true,"href":"https:\/\/transportedebicicletas.pt\/en\/wp-json\/wp\/v2\/comments?post=600"}],"version-history":[{"count":30,"href":"https:\/\/transportedebicicletas.pt\/en\/wp-json\/wp\/v2\/pages\/600\/revisions"}],"predecessor-version":[{"id":1403,"href":"https:\/\/transportedebicicletas.pt\/en\/wp-json\/wp\/v2\/pages\/600\/revisions\/1403"}],"wp:attachment":[{"href":"https:\/\/transportedebicicletas.pt\/en\/wp-json\/wp\/v2\/media?parent=600"}],"curies":[{"name":"wp","href":"https:\/\/api.w.org\/{rel}","templated":true}]}}