{"id":1388,"date":"2025-11-28T21:31:14","date_gmt":"2025-11-28T21:31:14","guid":{"rendered":"https:\/\/transportedebicicletas.pt\/?page_id=1388"},"modified":"2025-11-28T21:53:31","modified_gmt":"2025-11-28T21:53:31","slug":"servicos","status":"publish","type":"page","link":"https:\/\/transportedebicicletas.pt\/en\/servicos\/","title":{"rendered":"Services"},"content":{"rendered":"<div data-elementor-type=\"wp-page\" data-elementor-id=\"1388\" class=\"elementor elementor-1388\" data-elementor-post-type=\"page\">\n\t\t\t\t<div class=\"elementor-element elementor-element-f7d629e e-flex e-con-boxed e-con e-parent\" data-id=\"f7d629e\" data-element_type=\"container\" data-e-type=\"container\">\n\t\t\t\t\t<div class=\"e-con-inner\">\n\t\t\t\t<div class=\"elementor-element elementor-element-cf62746 elementor-widget elementor-widget-heading\" data-id=\"cf62746\" data-element_type=\"widget\" data-e-type=\"widget\" data-widget_type=\"heading.default\">\n\t\t\t\t\t<h2 class=\"elementor-heading-title elementor-size-default\">Transfers<\/h2>\t\t\t\t<\/div>\n\t\t\t\t\t<\/div>\n\t\t\t\t<\/div>\n\t\t<div class=\"elementor-element elementor-element-3bc833c e-flex e-con-boxed e-con e-parent\" data-id=\"3bc833c\" data-element_type=\"container\" data-e-type=\"container\">\n\t\t\t\t\t<div class=\"e-con-inner\">\n\t\t\t\t<div class=\"elementor-element elementor-element-b73616c elementor-widget elementor-widget-text-editor\" data-id=\"b73616c\" data-element_type=\"widget\" data-e-type=\"widget\" data-widget_type=\"text-editor.default\">\n\t\t\t\t\t\t\t\t\t<p>The Camino of Santiago is famous for being a pilgrim route that combines centuries of history and lots of adventure. It is desired by cyclists around the world as it leads hundreds of people to travel by bicycle every year from every city.<\/p><p>For those who challenges their body and spirit to go from Porto to Santiago de Compostela, they are faced with the problem of returning with their bicycles! In the end nothing compares to a private transfer back home with the comfort of our van and all the bicycles carried safely. We made our services available to transport bicycles and people from Santiago back to the starting point. We also take cyclists and bicycles to Santiago or Finisterre to do the reverse tour. Our 9-seater van offers our customers all current amenities, such as Wi-Fi and air conditioning as well as a huge space for luggage and bicycles.<\/p><p>We are equipped with <strong>a 10 bicycle trailer<\/strong> where all the bicycles are traveling safely, wether they are <strong>road, gravel, mountain or electric bicycles.<\/strong><\/p><p>If you desire, we also do the luggage transfer and any support you want during the tour.<\/p>\t\t\t\t\t\t\t\t<\/div>\n\t\t\t\t\t<\/div>\n\t\t\t\t<\/div>\n\t\t<div class=\"elementor-element elementor-element-7941588 e-flex e-con-boxed e-con e-parent\" data-id=\"7941588\" data-element_type=\"container\" data-e-type=\"container\">\n\t\t\t\t\t<div class=\"e-con-inner\">\n\t\t\t\t<div class=\"elementor-element elementor-element-8fff9e0 elementor-widget elementor-widget-heading\" data-id=\"8fff9e0\" data-element_type=\"widget\" data-e-type=\"widget\" data-widget_type=\"heading.default\">\n\t\t\t\t\t<h2 class=\"elementor-heading-title elementor-size-default\">Shuttles<\/h2>\t\t\t\t<\/div>\n\t\t\t\t\t<\/div>\n\t\t\t\t<\/div>\n\t\t<div class=\"elementor-element elementor-element-5e17b08 e-flex e-con-boxed e-con e-parent\" data-id=\"5e17b08\" data-element_type=\"container\" data-e-type=\"container\">\n\t\t\t\t\t<div class=\"e-con-inner\">\n\t\t\t\t<div class=\"elementor-element elementor-element-4fd4254 elementor-widget elementor-widget-text-editor\" data-id=\"4fd4254\" data-element_type=\"widget\" data-e-type=\"widget\" data-widget_type=\"text-editor.default\">\n\t\t\t\t\t\t\t\t\t<p>When you want to practice for downhill or enduro races, there's nothing better than some shuttles at P\u00e9 do Negro or Terras de Bouro. We can arrange shuttles for athletes and bikes after each descent. A minimum number of people is required and the route must be drivable with the van and trailer. In places where there are associations or companies managing the tracks and with the same shuttle service, we will always need authorization to do so.<\/p><p>We suggest 2 great spots in North of Portugal, <strong>P\u00e9 do Negro<\/strong> in Ponte de Lima and <strong>Ride North<\/strong> Terras de Bouro. In <strong>P\u00e9 do Negro<\/strong> you'll find a mix of enduro and downhill trails, all very natural, fun to ride, well thought out lines and with jumps for all levels. Terras de Bouro, a typical mountain in Ger\u00eas, you will enjoy the wild life while riding trails, some with granite slabs and some with hero dirt and many single tracks full of flow in pine and cedar forests.\u00a0<\/p><p>For a big day of shuttles and to get the best experience on a bike we recommend to hire a Weride <strong>Ride North<\/strong>, you won't regret!<\/p><p>If needed we can pick up the riders in their home town and then drive to the spot they want to ride.<\/p><p>Shuttles in Pe do Negro and in Terras de Bouro or in any other favorite downhill\/enduro spot.<\/p>\t\t\t\t\t\t\t\t<\/div>\n\t\t\t\t\t<\/div>\n\t\t\t\t<\/div>\n\t\t<div class=\"elementor-element elementor-element-0252c24 e-flex e-con-boxed e-con e-parent\" data-id=\"0252c24\" data-element_type=\"container\" data-e-type=\"container\">\n\t\t\t\t\t<div class=\"e-con-inner\">\n\t\t\t\t<div class=\"elementor-element elementor-element-9039af0 elementor-widget elementor-widget-heading\" data-id=\"9039af0\" data-element_type=\"widget\" data-e-type=\"widget\" data-widget_type=\"heading.default\">\n\t\t\t\t\t<h2 class=\"elementor-heading-title elementor-size-default\">Luggage Transfer<\/h2>\t\t\t\t<\/div>\n\t\t\t\t\t<\/div>\n\t\t\t\t<\/div>\n\t\t<div class=\"elementor-element elementor-element-f0438b6 e-flex e-con-boxed e-con e-parent\" data-id=\"f0438b6\" data-element_type=\"container\" data-e-type=\"container\">\n\t\t\t\t\t<div class=\"e-con-inner\">\n\t\t\t\t<div class=\"elementor-element elementor-element-d7f4ca3 elementor-widget elementor-widget-text-editor\" data-id=\"d7f4ca3\" data-element_type=\"widget\" data-e-type=\"widget\" data-widget_type=\"text-editor.default\">\n\t\t\t\t\t\t\t\t\t<p>Luggage transfer\/support. Many bike tours demand specific support or logistic solutions as luggage transfers, bike parts or even entire bicycles. By this we can offer a premium service with a lot of luggage space, 10 bike trailer in a comfortable van with air conditioned and Wi-Fi. This type of service includes the transfer of every bicycle and person to the starting point.<\/p>\t\t\t\t\t\t\t\t<\/div>\n\t\t\t\t\t<\/div>\n\t\t\t\t<\/div>\n\t\t<div class=\"elementor-element elementor-element-25a0334 e-flex e-con-boxed e-con e-parent\" data-id=\"25a0334\" data-element_type=\"container\" data-e-type=\"container\">\n\t\t\t\t\t<div class=\"e-con-inner\">\n\t\t\t\t<div class=\"elementor-element elementor-element-e016f97 elementor-widget elementor-widget-heading\" data-id=\"e016f97\" data-element_type=\"widget\" data-e-type=\"widget\" data-widget_type=\"heading.default\">\n\t\t\t\t\t<h2 class=\"elementor-heading-title elementor-size-default\">Pick up<\/h2>\t\t\t\t<\/div>\n\t\t\t\t\t<\/div>\n\t\t\t\t<\/div>\n\t\t<div class=\"elementor-element elementor-element-0dca137 e-flex e-con-boxed e-con e-parent\" data-id=\"0dca137\" data-element_type=\"container\" data-e-type=\"container\">\n\t\t\t\t\t<div class=\"e-con-inner\">\n\t\t\t\t<div class=\"elementor-element elementor-element-3c4d2e7 elementor-widget elementor-widget-text-editor\" data-id=\"3c4d2e7\" data-element_type=\"widget\" data-e-type=\"widget\" data-widget_type=\"text-editor.default\">\n\t\t\t\t\t\t\t\t\t<p>In accordance  with every group of cyclists we can customize our service to meet your requirements. The transfer of people and bicycles will be on our side and everything will run smoothly. Tours like Fatima, Sintra, Algarve, Oviedo, Ribadeo, Saint Jean Pied de Port, we will do it. Road, gravel, mountain bikes, electrical or not we will sort it out.<\/p>\t\t\t\t\t\t\t\t<\/div>\n\t\t\t\t\t<\/div>\n\t\t\t\t<\/div>\n\t\t<div class=\"elementor-element elementor-element-8ec9f20 e-flex e-con-boxed e-con e-parent\" data-id=\"8ec9f20\" data-element_type=\"container\" data-e-type=\"container\">\n\t\t\t\t\t<div class=\"e-con-inner\">\n\t\t\t\t<div class=\"elementor-element elementor-element-d64a086 elementor-widget elementor-widget-heading\" data-id=\"d64a086\" data-element_type=\"widget\" data-e-type=\"widget\" data-widget_type=\"heading.default\">\n\t\t\t\t\t<h2 class=\"elementor-heading-title elementor-size-default\">Training Bike Camps<\/h2>\t\t\t\t<\/div>\n\t\t\t\t\t<\/div>\n\t\t\t\t<\/div>\n\t\t<div class=\"elementor-element elementor-element-1c791fd e-flex e-con-boxed e-con e-parent\" data-id=\"1c791fd\" data-element_type=\"container\" data-e-type=\"container\">\n\t\t\t\t\t<div class=\"e-con-inner\">\n\t\t\t\t<div class=\"elementor-element elementor-element-020787f elementor-widget elementor-widget-text-editor\" data-id=\"020787f\" data-element_type=\"widget\" data-e-type=\"widget\" data-widget_type=\"text-editor.default\">\n\t\t\t\t\t\t\t\t\t<p>Training Bike Camp \u2013 downhill\/enduro. Com a transporte de bicicletas podes fazer um tour ao longo de Portugal para treinares em diversas pistas de enduro e downhill. Oferecemos uma carrinha de 9 lugares com muito espa\u00e7o na mala e um atrelado para 10 bicicletas.<\/p><p>Pre seasons are very important for all the teams and athletes to prepare and test new bikes as also to get the best fitness conditions to start racing. So we want to create this custom service allowing athletes to travel all together with their bikes to the many DH tracks we have and doing practice sessions by the shuttle van during the day.<\/p><p>We also can build a full package including sleeping nights. We can offer a nice vila with swimming pool and terrace for check up your bikes or a comfortable hostel to recharge batteries for the next day.<\/p><p>The main spots for downhill sessions with tracks well built and in good shape are located in center of Portugal, as Lousa, Tarouca, Seia, Caramulo and in the north Valen\u00e7a, Padela, Prozelo and Bike Park of Ponte de Lima. If enduro is your favorite sport you have to train in Terras de Bouro and ride the 8 amazing trails there are.<\/p><p>If you have any doubt please feel free to send us an email to info@transportedebicicletas.pt<\/p>\t\t\t\t\t\t\t\t<\/div>\n\t\t\t\t\t<\/div>\n\t\t\t\t<\/div>\n\t\t\t\t<\/div>","protected":false},"excerpt":{"rendered":"<p>Transfers O caminho de Santiago \u00e9 famoso por ser uma rota de peregrinos onde junta s\u00e9culos de historia e muita aventura. \u00c9 desejado por praticantes de ciclismo de todo o mundo por levar centenas de pessoas a deslocarem-se de bicicleta todos os anos. Para quem se aventura nos caminhos de Santiago de Compostela depara-se com [&hellip;]<\/p>\n","protected":false},"author":1,"featured_media":0,"parent":0,"menu_order":0,"comment_status":"closed","ping_status":"closed","template":"","meta":{"footnotes":""},"class_list":["post-1388","page","type-page","status-publish","hentry"],"yoast_head":"<!-- This site is optimized with the Yoast SEO plugin v27.4 - https:\/\/yoast.com\/product\/yoast-seo-wordpress\/ -->\n<title>Servi\u00e7os - Transporte de Ciclistas e Bicicletas<\/title>\n<meta name=\"robots\" content=\"index, follow, max-snippet:-1, max-image-preview:large, max-video-preview:-1\" \/>\n<link rel=\"canonical\" href=\"https:\/\/transportedebicicletas.pt\/en\/servicos\/\" \/>\n<meta property=\"og:locale\" content=\"en_GB\" \/>\n<meta property=\"og:type\" content=\"article\" \/>\n<meta property=\"og:title\" content=\"Servi\u00e7os - Transporte de Ciclistas e Bicicletas\" \/>\n<meta property=\"og:description\" content=\"Transfers O caminho de Santiago \u00e9 famoso por ser uma rota de peregrinos onde junta s\u00e9culos de historia e muita aventura. \u00c9 desejado por praticantes de ciclismo de todo o mundo por levar centenas de pessoas a deslocarem-se de bicicleta todos os anos. Para quem se aventura nos caminhos de Santiago de Compostela depara-se com [&hellip;]\" \/>\n<meta property=\"og:url\" content=\"https:\/\/transportedebicicletas.pt\/en\/servicos\/\" \/>\n<meta property=\"og:site_name\" content=\"Transporte de Ciclistas e Bicicletas\" \/>\n<meta property=\"article:publisher\" content=\"https:\/\/www.facebook.com\/transportedebicicletas.pt\" \/>\n<meta property=\"article:modified_time\" content=\"2025-11-28T21:53:31+00:00\" \/>\n<meta property=\"og:image\" content=\"https:\/\/transportedebicicletas.pt\/wp-content\/uploads\/2023\/10\/transit.jpg\" \/>\n\t<meta property=\"og:image:width\" content=\"1666\" \/>\n\t<meta property=\"og:image:height\" content=\"1080\" \/>\n\t<meta property=\"og:image:type\" content=\"image\/jpeg\" \/>\n<meta name=\"twitter:card\" content=\"summary_large_image\" \/>\n<script type=\"application\/ld+json\" class=\"yoast-schema-graph\">{\"@context\":\"https:\\\/\\\/schema.org\",\"@graph\":[{\"@type\":\"WebPage\",\"@id\":\"https:\\\/\\\/transportedebicicletas.pt\\\/servicos\\\/\",\"url\":\"https:\\\/\\\/transportedebicicletas.pt\\\/servicos\\\/\",\"name\":\"Servi\u00e7os - Transporte de Ciclistas e Bicicletas\",\"isPartOf\":{\"@id\":\"https:\\\/\\\/transportedebicicletas.pt\\\/#website\"},\"datePublished\":\"2025-11-28T21:31:14+00:00\",\"dateModified\":\"2025-11-28T21:53:31+00:00\",\"breadcrumb\":{\"@id\":\"https:\\\/\\\/transportedebicicletas.pt\\\/servicos\\\/#breadcrumb\"},\"inLanguage\":\"en-GB\",\"potentialAction\":[{\"@type\":\"ReadAction\",\"target\":[\"https:\\\/\\\/transportedebicicletas.pt\\\/servicos\\\/\"]}]},{\"@type\":\"BreadcrumbList\",\"@id\":\"https:\\\/\\\/transportedebicicletas.pt\\\/servicos\\\/#breadcrumb\",\"itemListElement\":[{\"@type\":\"ListItem\",\"position\":1,\"name\":\"In\u00edcio\",\"item\":\"https:\\\/\\\/transportedebicicletas.pt\\\/\"},{\"@type\":\"ListItem\",\"position\":2,\"name\":\"Servi\u00e7os\"}]},{\"@type\":\"WebSite\",\"@id\":\"https:\\\/\\\/transportedebicicletas.pt\\\/#website\",\"url\":\"https:\\\/\\\/transportedebicicletas.pt\\\/\",\"name\":\"Transporte de Ciclistas e Bicicletas\",\"description\":\"Servi\u00e7o de transporte de bicicletas e ciclistas em Portugal e Espanha. Recolha em Santiago de Compostela e outros destinos. Dispomos de carrinha 9 lugares mais atrelado para 10 bicicletas.\",\"publisher\":{\"@id\":\"https:\\\/\\\/transportedebicicletas.pt\\\/#organization\"},\"alternateName\":\"Taxi de Ciclistas e Bicicletas\",\"potentialAction\":[{\"@type\":\"SearchAction\",\"target\":{\"@type\":\"EntryPoint\",\"urlTemplate\":\"https:\\\/\\\/transportedebicicletas.pt\\\/?s={search_term_string}\"},\"query-input\":{\"@type\":\"PropertyValueSpecification\",\"valueRequired\":true,\"valueName\":\"search_term_string\"}}],\"inLanguage\":\"en-GB\"},{\"@type\":\"Organization\",\"@id\":\"https:\\\/\\\/transportedebicicletas.pt\\\/#organization\",\"name\":\"Transporte de ciclistas e bicicletas em Portugal e Espanha\",\"alternateName\":\"Recolha de ciclistas e bicicletas\",\"url\":\"https:\\\/\\\/transportedebicicletas.pt\\\/\",\"logo\":{\"@type\":\"ImageObject\",\"inLanguage\":\"en-GB\",\"@id\":\"https:\\\/\\\/transportedebicicletas.pt\\\/#\\\/schema\\\/logo\\\/image\\\/\",\"url\":\"https:\\\/\\\/transportedebicicletas.pt\\\/wp-content\\\/uploads\\\/2023\\\/03\\\/Logotipo.png\",\"contentUrl\":\"https:\\\/\\\/transportedebicicletas.pt\\\/wp-content\\\/uploads\\\/2023\\\/03\\\/Logotipo.png\",\"width\":818,\"height\":799,\"caption\":\"Transporte de ciclistas e bicicletas em Portugal e Espanha\"},\"image\":{\"@id\":\"https:\\\/\\\/transportedebicicletas.pt\\\/#\\\/schema\\\/logo\\\/image\\\/\"},\"sameAs\":[\"https:\\\/\\\/www.facebook.com\\\/transportedebicicletas.pt\",\"https:\\\/\\\/www.instagram.com\\\/transportedebicicletas.pt\\\/\",\"https:\\\/\\\/www.youtube.com\\\/@transportedebicicletas\"]}]}<\/script>\n<!-- \/ Yoast SEO plugin. -->","yoast_head_json":{"title":"Servi\u00e7os - Transporte de Ciclistas e Bicicletas","robots":{"index":"index","follow":"follow","max-snippet":"max-snippet:-1","max-image-preview":"max-image-preview:large","max-video-preview":"max-video-preview:-1"},"canonical":"https:\/\/transportedebicicletas.pt\/en\/servicos\/","og_locale":"en_GB","og_type":"article","og_title":"Servi\u00e7os - Transporte de Ciclistas e Bicicletas","og_description":"Transfers O caminho de Santiago \u00e9 famoso por ser uma rota de peregrinos onde junta s\u00e9culos de historia e muita aventura. \u00c9 desejado por praticantes de ciclismo de todo o mundo por levar centenas de pessoas a deslocarem-se de bicicleta todos os anos. Para quem se aventura nos caminhos de Santiago de Compostela depara-se com [&hellip;]","og_url":"https:\/\/transportedebicicletas.pt\/en\/servicos\/","og_site_name":"Transporte de Ciclistas e Bicicletas","article_publisher":"https:\/\/www.facebook.com\/transportedebicicletas.pt","article_modified_time":"2025-11-28T21:53:31+00:00","og_image":[{"width":1666,"height":1080,"url":"https:\/\/transportedebicicletas.pt\/wp-content\/uploads\/2023\/10\/transit.jpg","type":"image\/jpeg"}],"twitter_card":"summary_large_image","schema":{"@context":"https:\/\/schema.org","@graph":[{"@type":"WebPage","@id":"https:\/\/transportedebicicletas.pt\/servicos\/","url":"https:\/\/transportedebicicletas.pt\/servicos\/","name":"Servi\u00e7os - Transporte de Ciclistas e Bicicletas","isPartOf":{"@id":"https:\/\/transportedebicicletas.pt\/#website"},"datePublished":"2025-11-28T21:31:14+00:00","dateModified":"2025-11-28T21:53:31+00:00","breadcrumb":{"@id":"https:\/\/transportedebicicletas.pt\/servicos\/#breadcrumb"},"inLanguage":"en-GB","potentialAction":[{"@type":"ReadAction","target":["https:\/\/transportedebicicletas.pt\/servicos\/"]}]},{"@type":"BreadcrumbList","@id":"https:\/\/transportedebicicletas.pt\/servicos\/#breadcrumb","itemListElement":[{"@type":"ListItem","position":1,"name":"In\u00edcio","item":"https:\/\/transportedebicicletas.pt\/"},{"@type":"ListItem","position":2,"name":"Servi\u00e7os"}]},{"@type":"WebSite","@id":"https:\/\/transportedebicicletas.pt\/#website","url":"https:\/\/transportedebicicletas.pt\/","name":"Taxi Service of Cyclists and Bicycles","description":"Taxi service in Portugal and Spain for cyclists and bicycles. We pick you up in Santiago de Compostela and other places. We offer a 9 seat van and trailer for 10 bikes.","publisher":{"@id":"https:\/\/transportedebicicletas.pt\/#organization"},"alternateName":"Taxi de Ciclistas e Bicicletas","potentialAction":[{"@type":"SearchAction","target":{"@type":"EntryPoint","urlTemplate":"https:\/\/transportedebicicletas.pt\/?s={search_term_string}"},"query-input":{"@type":"PropertyValueSpecification","valueRequired":true,"valueName":"search_term_string"}}],"inLanguage":"en-GB"},{"@type":"Organization","@id":"https:\/\/transportedebicicletas.pt\/#organization","name":"Taxi service of cyclists and bicycles in Portugal and Spain","alternateName":"Recolha de ciclistas e bicicletas","url":"https:\/\/transportedebicicletas.pt\/","logo":{"@type":"ImageObject","inLanguage":"en-GB","@id":"https:\/\/transportedebicicletas.pt\/#\/schema\/logo\/image\/","url":"https:\/\/transportedebicicletas.pt\/wp-content\/uploads\/2023\/03\/Logotipo.png","contentUrl":"https:\/\/transportedebicicletas.pt\/wp-content\/uploads\/2023\/03\/Logotipo.png","width":818,"height":799,"caption":"Transporte de ciclistas e bicicletas em Portugal e Espanha"},"image":{"@id":"https:\/\/transportedebicicletas.pt\/#\/schema\/logo\/image\/"},"sameAs":["https:\/\/www.facebook.com\/transportedebicicletas.pt","https:\/\/www.instagram.com\/transportedebicicletas.pt\/","https:\/\/www.youtube.com\/@transportedebicicletas"]}]}},"_links":{"self":[{"href":"https:\/\/transportedebicicletas.pt\/en\/wp-json\/wp\/v2\/pages\/1388","targetHints":{"allow":["GET"]}}],"collection":[{"href":"https:\/\/transportedebicicletas.pt\/en\/wp-json\/wp\/v2\/pages"}],"about":[{"href":"https:\/\/transportedebicicletas.pt\/en\/wp-json\/wp\/v2\/types\/page"}],"author":[{"embeddable":true,"href":"https:\/\/transportedebicicletas.pt\/en\/wp-json\/wp\/v2\/users\/1"}],"replies":[{"embeddable":true,"href":"https:\/\/transportedebicicletas.pt\/en\/wp-json\/wp\/v2\/comments?post=1388"}],"version-history":[{"count":10,"href":"https:\/\/transportedebicicletas.pt\/en\/wp-json\/wp\/v2\/pages\/1388\/revisions"}],"predecessor-version":[{"id":1410,"href":"https:\/\/transportedebicicletas.pt\/en\/wp-json\/wp\/v2\/pages\/1388\/revisions\/1410"}],"wp:attachment":[{"href":"https:\/\/transportedebicicletas.pt\/en\/wp-json\/wp\/v2\/media?parent=1388"}],"curies":[{"name":"wp","href":"https:\/\/api.w.org\/{rel}","templated":true}]}}