{"id":1234,"date":"2025-01-19T17:11:07","date_gmt":"2025-01-19T17:11:07","guid":{"rendered":"https:\/\/transportedebicicletas.pt\/?page_id=1234"},"modified":"2025-11-28T20:54:12","modified_gmt":"2025-11-28T20:54:12","slug":"training-bike-camp-downhill-enduro-lousa-portugal","status":"publish","type":"page","link":"https:\/\/transportedebicicletas.pt\/en\/training-bike-camp-downhill-enduro-lousa-portugal\/","title":{"rendered":"Training Bike Camp"},"content":{"rendered":"<div data-elementor-type=\"wp-page\" data-elementor-id=\"1234\" class=\"elementor elementor-1234\" data-elementor-post-type=\"page\">\n\t\t\t\t\t\t<section class=\"elementor-section elementor-top-section elementor-element elementor-element-83f9b71 elementor-section-boxed elementor-section-height-default elementor-section-height-default\" data-id=\"83f9b71\" data-element_type=\"section\" data-e-type=\"section\">\n\t\t\t\t\t\t<div class=\"elementor-container elementor-column-gap-default\">\n\t\t\t\t\t<div class=\"elementor-column elementor-col-100 elementor-top-column elementor-element elementor-element-7b8b04a\" data-id=\"7b8b04a\" data-element_type=\"column\" data-e-type=\"column\">\n\t\t\t<div class=\"elementor-widget-wrap elementor-element-populated\">\n\t\t\t\t\t\t<div class=\"elementor-element elementor-element-bc5f003 elementor-widget elementor-widget-image\" data-id=\"bc5f003\" data-element_type=\"widget\" data-e-type=\"widget\" data-widget_type=\"image.default\">\n\t\t\t\t\t\t\t\t\t\t\t\t\t\t\t<img fetchpriority=\"high\" decoding=\"async\" width=\"640\" height=\"360\" src=\"https:\/\/transportedebicicletas.pt\/wp-content\/uploads\/2025\/01\/BikeCamp-1024x576.jpg\" class=\"attachment-large size-large wp-image-1237\" alt=\"Training bike camp downhill enduro\" srcset=\"https:\/\/transportedebicicletas.pt\/wp-content\/uploads\/2025\/01\/BikeCamp-1024x576.jpg 1024w, https:\/\/transportedebicicletas.pt\/wp-content\/uploads\/2025\/01\/BikeCamp-300x169.jpg 300w, https:\/\/transportedebicicletas.pt\/wp-content\/uploads\/2025\/01\/BikeCamp-768x432.jpg 768w, https:\/\/transportedebicicletas.pt\/wp-content\/uploads\/2025\/01\/BikeCamp-18x10.jpg 18w, https:\/\/transportedebicicletas.pt\/wp-content\/uploads\/2025\/01\/BikeCamp.jpg 1280w\" sizes=\"(max-width: 640px) 100vw, 640px\" \/>\t\t\t\t\t\t\t\t\t\t\t\t\t\t\t<\/div>\n\t\t\t\t\t<\/div>\n\t\t<\/div>\n\t\t\t\t\t<\/div>\n\t\t<\/section>\n\t\t\t\t<section class=\"elementor-section elementor-top-section elementor-element elementor-element-21a3ca9 elementor-section-boxed elementor-section-height-default elementor-section-height-default\" data-id=\"21a3ca9\" data-element_type=\"section\" data-e-type=\"section\">\n\t\t\t\t\t\t<div class=\"elementor-container elementor-column-gap-default\">\n\t\t\t\t\t<div class=\"elementor-column elementor-col-100 elementor-top-column elementor-element elementor-element-5f641c6\" data-id=\"5f641c6\" data-element_type=\"column\" data-e-type=\"column\">\n\t\t\t<div class=\"elementor-widget-wrap elementor-element-populated\">\n\t\t\t\t\t\t<div class=\"elementor-element elementor-element-7f732cd elementor-widget elementor-widget-text-editor\" data-id=\"7f732cd\" data-element_type=\"widget\" data-e-type=\"widget\" data-widget_type=\"text-editor.default\">\n\t\t\t\t\t\t\t\t\t<p>Training Bike Camp - downhill\/enduro. With Transporte de Bicicletas you can tour along Portugal to train in many of our great tracks. We offer a big van with 9 seat with a lot of room in the back and a trailer for 10 bikes.<\/p><p><span style=\"font-family: var( --e-global-typography-text-font-family ), Sans-serif; font-size: var( --e-global-typography-text-font-size ); font-style: var( --e-global-typography-text-font-style ); text-transform: var( --e-global-typography-text-text-transform ); text-decoration: var( --e-global-typography-text-text-decoration );\">Pre seasons are very important for all the teams and athletes to prepare and test new bikes as also to get the best fitness conditions to start racing. So we want to create this custom service allowing athletes to travel all together with their bikes to the many DH tracks we have and doing practice sessions by the shuttle van during the day.<\/span><\/p><p>We also can build a full package including sleeping nights. We can offer a nice vila with swimming pool and terrace for check up your bikes or a comfortable hostel to recharge batteries for the next day.<\/p><p>The main spots for downhill sessions with tracks well built and in good shape are located in center of Portugal, as Lousa, Tarouca, Seia, Caramulo and in the north Valen\u00e7a, Padela, Prozelo and Bike Park of Ponte de Lima. If enduro is your favorite sport you have to train in Terras de Bouro and ride the 8 amazing trails there are.<\/p><p>If you have any doubt please feel free to send us an email to info@transportedebicicletas.pt<\/p>\t\t\t\t\t\t\t\t<\/div>\n\t\t\t\t\t<\/div>\n\t\t<\/div>\n\t\t\t\t\t<\/div>\n\t\t<\/section>\n\t\t\t\t<section class=\"elementor-section elementor-top-section elementor-element elementor-element-9f70d88 elementor-section-boxed elementor-section-height-default elementor-section-height-default\" data-id=\"9f70d88\" data-element_type=\"section\" data-e-type=\"section\">\n\t\t\t\t\t\t<div class=\"elementor-container elementor-column-gap-default\">\n\t\t\t\t\t<div class=\"elementor-column elementor-col-25 elementor-top-column elementor-element elementor-element-a8b51c5\" data-id=\"a8b51c5\" data-element_type=\"column\" data-e-type=\"column\">\n\t\t\t<div class=\"elementor-widget-wrap elementor-element-populated\">\n\t\t\t\t\t\t<div class=\"elementor-element elementor-element-3473c10 elementor-mobile-align-center elementor-widget elementor-widget-button\" data-id=\"3473c10\" data-element_type=\"widget\" data-e-type=\"widget\" data-widget_type=\"button.default\">\n\t\t\t\t\t\t\t\t\t\t<a class=\"elementor-button elementor-button-link elementor-size-sm\" href=\"https:\/\/www.instagram.com\/bikeparkpontedelima\/\">\n\t\t\t\t\t\t<span class=\"elementor-button-content-wrapper\">\n\t\t\t\t\t\t\t\t\t<span class=\"elementor-button-text\">Ponte de Lima <\/span>\n\t\t\t\t\t<\/span>\n\t\t\t\t\t<\/a>\n\t\t\t\t\t\t\t\t<\/div>\n\t\t\t\t\t<\/div>\n\t\t<\/div>\n\t\t\t\t<div class=\"elementor-column elementor-col-25 elementor-top-column elementor-element elementor-element-d9afefe\" data-id=\"d9afefe\" data-element_type=\"column\" data-e-type=\"column\">\n\t\t\t<div class=\"elementor-widget-wrap elementor-element-populated\">\n\t\t\t\t\t\t<div class=\"elementor-element elementor-element-af2a186 elementor-mobile-align-center elementor-widget elementor-widget-button\" data-id=\"af2a186\" data-element_type=\"widget\" data-e-type=\"widget\" data-widget_type=\"button.default\">\n\t\t\t\t\t\t\t\t\t\t<a class=\"elementor-button elementor-button-link elementor-size-sm\" href=\"https:\/\/www.manzaneda.com\/manzaneda-bike-park\">\n\t\t\t\t\t\t<span class=\"elementor-button-content-wrapper\">\n\t\t\t\t\t\t\t\t\t<span class=\"elementor-button-text\">Manzaneda<\/span>\n\t\t\t\t\t<\/span>\n\t\t\t\t\t<\/a>\n\t\t\t\t\t\t\t\t<\/div>\n\t\t\t\t\t<\/div>\n\t\t<\/div>\n\t\t\t\t<div class=\"elementor-column elementor-col-25 elementor-top-column elementor-element elementor-element-9ad1751\" data-id=\"9ad1751\" data-element_type=\"column\" data-e-type=\"column\">\n\t\t\t<div class=\"elementor-widget-wrap elementor-element-populated\">\n\t\t\t\t\t\t<div class=\"elementor-element elementor-element-a1a060a elementor-mobile-align-center elementor-widget elementor-widget-button\" data-id=\"a1a060a\" data-element_type=\"widget\" data-e-type=\"widget\" data-widget_type=\"button.default\">\n\t\t\t\t\t\t\t\t\t\t<a class=\"elementor-button elementor-button-link elementor-size-sm\" href=\"https:\/\/transportedebicicletas.pt\/en\/shuttles-terras-de-bouro\/\">\n\t\t\t\t\t\t<span class=\"elementor-button-content-wrapper\">\n\t\t\t\t\t\t\t\t\t<span class=\"elementor-button-text\">Shuttles<\/span>\n\t\t\t\t\t<\/span>\n\t\t\t\t\t<\/a>\n\t\t\t\t\t\t\t\t<\/div>\n\t\t\t\t\t<\/div>\n\t\t<\/div>\n\t\t\t\t<div class=\"elementor-column elementor-col-25 elementor-top-column elementor-element elementor-element-f3449fb\" data-id=\"f3449fb\" data-element_type=\"column\" data-e-type=\"column\">\n\t\t\t<div class=\"elementor-widget-wrap elementor-element-populated\">\n\t\t\t\t\t\t<div class=\"elementor-element elementor-element-4164b4e elementor-mobile-align-center elementor-widget elementor-widget-button\" data-id=\"4164b4e\" data-element_type=\"widget\" data-e-type=\"widget\" data-widget_type=\"button.default\">\n\t\t\t\t\t\t\t\t\t\t<a class=\"elementor-button elementor-button-link elementor-size-sm\" href=\"https:\/\/transportedebicicletas.pt\/en\/taxi-service-bicycles-cyclists-santiago-camino\/\">\n\t\t\t\t\t\t<span class=\"elementor-button-content-wrapper\">\n\t\t\t\t\t\t\t\t\t<span class=\"elementor-button-text\">Transfers<\/span>\n\t\t\t\t\t<\/span>\n\t\t\t\t\t<\/a>\n\t\t\t\t\t\t\t\t<\/div>\n\t\t\t\t\t<\/div>\n\t\t<\/div>\n\t\t\t\t\t<\/div>\n\t\t<\/section>\n\t\t\t\t<\/div>","protected":false},"excerpt":{"rendered":"<p>Training Bike Camp &#8211; downhill\/enduro. Com a transporte de bicicletas podes fazer um tour ao longo de Portugal para treinares em diversas pistas de enduro e downhill. Oferecemos uma carrinha de 9 lugares com muito espa\u00e7o na mala e um atrelado para 10 bicicletas. As pr\u00e9 temporadas s\u00e3o muito importantes para as equipas e atletas [&hellip;]<\/p>\n","protected":false},"author":1,"featured_media":0,"parent":0,"menu_order":0,"comment_status":"closed","ping_status":"closed","template":"","meta":{"footnotes":""},"class_list":["post-1234","page","type-page","status-publish","hentry"],"yoast_head":"<!-- This site is optimized with the Yoast SEO plugin v27.6 - https:\/\/yoast.com\/product\/yoast-seo-wordpress\/ -->\n<title>Training Bike Camp - Downhill\/Enduro - Portugal - Lousa - Tarouca<\/title>\n<meta name=\"description\" content=\"Training bike camp downhill\/enduro in Portugal. Downhill teams or athletes that want traveling and shuttling in downhill tracks in Portugal.\" \/>\n<meta name=\"robots\" content=\"index, follow, max-snippet:-1, max-image-preview:large, max-video-preview:-1\" \/>\n<link rel=\"canonical\" href=\"https:\/\/transportedebicicletas.pt\/en\/training-bike-camp-downhill-enduro-lousa-portugal\/\" \/>\n<meta property=\"og:locale\" content=\"en_GB\" \/>\n<meta property=\"og:type\" content=\"article\" \/>\n<meta property=\"og:title\" content=\"Training Bike Camp - Downhill\/enduro\" \/>\n<meta property=\"og:description\" content=\"Training bike camp downhill\/enduro in Portugal. Downhill teams or athletes that want traveling and shuttling in downhill tracks in Portugal.\" \/>\n<meta property=\"og:url\" content=\"https:\/\/transportedebicicletas.pt\/en\/training-bike-camp-downhill-enduro-lousa-portugal\/\" \/>\n<meta property=\"og:site_name\" content=\"Transporte de Ciclistas e Bicicletas\" \/>\n<meta property=\"article:publisher\" content=\"https:\/\/www.facebook.com\/transportedebicicletas.pt\" \/>\n<meta property=\"article:modified_time\" content=\"2025-11-28T20:54:12+00:00\" \/>\n<meta property=\"og:image\" content=\"https:\/\/transportedebicicletas.pt\/wp-content\/uploads\/2025\/01\/BikeCamp.jpg\" \/>\n\t<meta property=\"og:image:width\" content=\"1280\" \/>\n\t<meta property=\"og:image:height\" content=\"720\" \/>\n\t<meta property=\"og:image:type\" content=\"image\/jpeg\" \/>\n<meta name=\"twitter:card\" content=\"summary_large_image\" \/>\n<meta name=\"twitter:label1\" content=\"Estimated reading time\" \/>\n\t<meta name=\"twitter:data1\" content=\"2 minutes\" \/>\n<script type=\"application\/ld+json\" class=\"yoast-schema-graph\">{\"@context\":\"https:\\\/\\\/schema.org\",\"@graph\":[{\"@type\":\"WebPage\",\"@id\":\"https:\\\/\\\/transportedebicicletas.pt\\\/training-bike-camp-downhill-enduro-lousa-portugal\\\/\",\"url\":\"https:\\\/\\\/transportedebicicletas.pt\\\/training-bike-camp-downhill-enduro-lousa-portugal\\\/\",\"name\":\"Training Bike Camp - Downhill\\\/Enduro - Portugal - Lousa - Tarouca\",\"isPartOf\":{\"@id\":\"https:\\\/\\\/transportedebicicletas.pt\\\/#website\"},\"primaryImageOfPage\":{\"@id\":\"https:\\\/\\\/transportedebicicletas.pt\\\/training-bike-camp-downhill-enduro-lousa-portugal\\\/#primaryimage\"},\"image\":{\"@id\":\"https:\\\/\\\/transportedebicicletas.pt\\\/training-bike-camp-downhill-enduro-lousa-portugal\\\/#primaryimage\"},\"thumbnailUrl\":\"https:\\\/\\\/transportedebicicletas.pt\\\/wp-content\\\/uploads\\\/2025\\\/01\\\/BikeCamp-1024x576.jpg\",\"datePublished\":\"2025-01-19T17:11:07+00:00\",\"dateModified\":\"2025-11-28T20:54:12+00:00\",\"description\":\"Training bike camp downhill\\\/enduro in Portugal. Downhill teams or athletes that want traveling and shuttling in downhill tracks in Portugal.\",\"breadcrumb\":{\"@id\":\"https:\\\/\\\/transportedebicicletas.pt\\\/training-bike-camp-downhill-enduro-lousa-portugal\\\/#breadcrumb\"},\"inLanguage\":\"en-GB\",\"potentialAction\":[{\"@type\":\"ReadAction\",\"target\":[\"https:\\\/\\\/transportedebicicletas.pt\\\/training-bike-camp-downhill-enduro-lousa-portugal\\\/\"]}]},{\"@type\":\"ImageObject\",\"inLanguage\":\"en-GB\",\"@id\":\"https:\\\/\\\/transportedebicicletas.pt\\\/training-bike-camp-downhill-enduro-lousa-portugal\\\/#primaryimage\",\"url\":\"https:\\\/\\\/transportedebicicletas.pt\\\/wp-content\\\/uploads\\\/2025\\\/01\\\/BikeCamp-1024x576.jpg\",\"contentUrl\":\"https:\\\/\\\/transportedebicicletas.pt\\\/wp-content\\\/uploads\\\/2025\\\/01\\\/BikeCamp-1024x576.jpg\"},{\"@type\":\"BreadcrumbList\",\"@id\":\"https:\\\/\\\/transportedebicicletas.pt\\\/training-bike-camp-downhill-enduro-lousa-portugal\\\/#breadcrumb\",\"itemListElement\":[{\"@type\":\"ListItem\",\"position\":1,\"name\":\"In\u00edcio\",\"item\":\"https:\\\/\\\/transportedebicicletas.pt\\\/\"},{\"@type\":\"ListItem\",\"position\":2,\"name\":\"Training Bike Camp\"}]},{\"@type\":\"WebSite\",\"@id\":\"https:\\\/\\\/transportedebicicletas.pt\\\/#website\",\"url\":\"https:\\\/\\\/transportedebicicletas.pt\\\/\",\"name\":\"Transporte de Ciclistas e Bicicletas\",\"description\":\"Servi\u00e7o de transporte de bicicletas e ciclistas em Portugal e Espanha. Recolha em Santiago de Compostela e outros destinos. Dispomos de carrinha 9 lugares mais atrelado para 10 bicicletas.\",\"publisher\":{\"@id\":\"https:\\\/\\\/transportedebicicletas.pt\\\/#organization\"},\"alternateName\":\"Taxi de Ciclistas e Bicicletas\",\"potentialAction\":[{\"@type\":\"SearchAction\",\"target\":{\"@type\":\"EntryPoint\",\"urlTemplate\":\"https:\\\/\\\/transportedebicicletas.pt\\\/?s={search_term_string}\"},\"query-input\":{\"@type\":\"PropertyValueSpecification\",\"valueRequired\":true,\"valueName\":\"search_term_string\"}}],\"inLanguage\":\"en-GB\"},{\"@type\":\"Organization\",\"@id\":\"https:\\\/\\\/transportedebicicletas.pt\\\/#organization\",\"name\":\"Transporte de ciclistas e bicicletas em Portugal e Espanha\",\"alternateName\":\"Recolha de ciclistas e bicicletas\",\"url\":\"https:\\\/\\\/transportedebicicletas.pt\\\/\",\"logo\":{\"@type\":\"ImageObject\",\"inLanguage\":\"en-GB\",\"@id\":\"https:\\\/\\\/transportedebicicletas.pt\\\/#\\\/schema\\\/logo\\\/image\\\/\",\"url\":\"https:\\\/\\\/transportedebicicletas.pt\\\/wp-content\\\/uploads\\\/2023\\\/03\\\/Logotipo.png\",\"contentUrl\":\"https:\\\/\\\/transportedebicicletas.pt\\\/wp-content\\\/uploads\\\/2023\\\/03\\\/Logotipo.png\",\"width\":818,\"height\":799,\"caption\":\"Transporte de ciclistas e bicicletas em Portugal e Espanha\"},\"image\":{\"@id\":\"https:\\\/\\\/transportedebicicletas.pt\\\/#\\\/schema\\\/logo\\\/image\\\/\"},\"sameAs\":[\"https:\\\/\\\/www.facebook.com\\\/transportedebicicletas.pt\",\"https:\\\/\\\/www.instagram.com\\\/transportedebicicletas.pt\\\/\",\"https:\\\/\\\/www.youtube.com\\\/@transportedebicicletas\"]}]}<\/script>\n<!-- \/ Yoast SEO plugin. -->","yoast_head_json":{"title":"Training Bike Camp - Downhill\/Enduro - Portugal - Lousa - Tarouca","description":"Training bike camp downhill\/enduro in Portugal. Downhill teams or athletes that want traveling and shuttling in downhill tracks in Portugal.","robots":{"index":"index","follow":"follow","max-snippet":"max-snippet:-1","max-image-preview":"max-image-preview:large","max-video-preview":"max-video-preview:-1"},"canonical":"https:\/\/transportedebicicletas.pt\/en\/training-bike-camp-downhill-enduro-lousa-portugal\/","og_locale":"en_GB","og_type":"article","og_title":"Training Bike Camp - Downhill\/enduro","og_description":"Training bike camp downhill\/enduro in Portugal. Downhill teams or athletes that want traveling and shuttling in downhill tracks in Portugal.","og_url":"https:\/\/transportedebicicletas.pt\/en\/training-bike-camp-downhill-enduro-lousa-portugal\/","og_site_name":"Transporte de Ciclistas e Bicicletas","article_publisher":"https:\/\/www.facebook.com\/transportedebicicletas.pt","article_modified_time":"2025-11-28T20:54:12+00:00","og_image":[{"width":1280,"height":720,"url":"https:\/\/transportedebicicletas.pt\/wp-content\/uploads\/2025\/01\/BikeCamp.jpg","type":"image\/jpeg"}],"twitter_card":"summary_large_image","twitter_misc":{"Estimated reading time":"2 minutes"},"schema":{"@context":"https:\/\/schema.org","@graph":[{"@type":"WebPage","@id":"https:\/\/transportedebicicletas.pt\/training-bike-camp-downhill-enduro-lousa-portugal\/","url":"https:\/\/transportedebicicletas.pt\/training-bike-camp-downhill-enduro-lousa-portugal\/","name":"Training Bike Camp - Downhill\/Enduro - Portugal - Lousa - Tarouca","isPartOf":{"@id":"https:\/\/transportedebicicletas.pt\/#website"},"primaryImageOfPage":{"@id":"https:\/\/transportedebicicletas.pt\/training-bike-camp-downhill-enduro-lousa-portugal\/#primaryimage"},"image":{"@id":"https:\/\/transportedebicicletas.pt\/training-bike-camp-downhill-enduro-lousa-portugal\/#primaryimage"},"thumbnailUrl":"https:\/\/transportedebicicletas.pt\/wp-content\/uploads\/2025\/01\/BikeCamp-1024x576.jpg","datePublished":"2025-01-19T17:11:07+00:00","dateModified":"2025-11-28T20:54:12+00:00","description":"Training bike camp downhill\/enduro in Portugal. Downhill teams or athletes that want traveling and shuttling in downhill tracks in Portugal.","breadcrumb":{"@id":"https:\/\/transportedebicicletas.pt\/training-bike-camp-downhill-enduro-lousa-portugal\/#breadcrumb"},"inLanguage":"en-GB","potentialAction":[{"@type":"ReadAction","target":["https:\/\/transportedebicicletas.pt\/training-bike-camp-downhill-enduro-lousa-portugal\/"]}]},{"@type":"ImageObject","inLanguage":"en-GB","@id":"https:\/\/transportedebicicletas.pt\/training-bike-camp-downhill-enduro-lousa-portugal\/#primaryimage","url":"https:\/\/transportedebicicletas.pt\/wp-content\/uploads\/2025\/01\/BikeCamp-1024x576.jpg","contentUrl":"https:\/\/transportedebicicletas.pt\/wp-content\/uploads\/2025\/01\/BikeCamp-1024x576.jpg"},{"@type":"BreadcrumbList","@id":"https:\/\/transportedebicicletas.pt\/training-bike-camp-downhill-enduro-lousa-portugal\/#breadcrumb","itemListElement":[{"@type":"ListItem","position":1,"name":"In\u00edcio","item":"https:\/\/transportedebicicletas.pt\/"},{"@type":"ListItem","position":2,"name":"Training Bike Camp"}]},{"@type":"WebSite","@id":"https:\/\/transportedebicicletas.pt\/#website","url":"https:\/\/transportedebicicletas.pt\/","name":"Taxi Service of Cyclists and Bicycles","description":"Taxi service in Portugal and Spain for cyclists and bicycles. We pick you up in Santiago de Compostela and other places. We offer a 9 seat van and trailer for 10 bikes.","publisher":{"@id":"https:\/\/transportedebicicletas.pt\/#organization"},"alternateName":"Taxi de Ciclistas e Bicicletas","potentialAction":[{"@type":"SearchAction","target":{"@type":"EntryPoint","urlTemplate":"https:\/\/transportedebicicletas.pt\/?s={search_term_string}"},"query-input":{"@type":"PropertyValueSpecification","valueRequired":true,"valueName":"search_term_string"}}],"inLanguage":"en-GB"},{"@type":"Organization","@id":"https:\/\/transportedebicicletas.pt\/#organization","name":"Taxi service of cyclists and bicycles in Portugal and Spain","alternateName":"Recolha de ciclistas e bicicletas","url":"https:\/\/transportedebicicletas.pt\/","logo":{"@type":"ImageObject","inLanguage":"en-GB","@id":"https:\/\/transportedebicicletas.pt\/#\/schema\/logo\/image\/","url":"https:\/\/transportedebicicletas.pt\/wp-content\/uploads\/2023\/03\/Logotipo.png","contentUrl":"https:\/\/transportedebicicletas.pt\/wp-content\/uploads\/2023\/03\/Logotipo.png","width":818,"height":799,"caption":"Transporte de ciclistas e bicicletas em Portugal e Espanha"},"image":{"@id":"https:\/\/transportedebicicletas.pt\/#\/schema\/logo\/image\/"},"sameAs":["https:\/\/www.facebook.com\/transportedebicicletas.pt","https:\/\/www.instagram.com\/transportedebicicletas.pt\/","https:\/\/www.youtube.com\/@transportedebicicletas"]}]}},"_links":{"self":[{"href":"https:\/\/transportedebicicletas.pt\/en\/wp-json\/wp\/v2\/pages\/1234","targetHints":{"allow":["GET"]}}],"collection":[{"href":"https:\/\/transportedebicicletas.pt\/en\/wp-json\/wp\/v2\/pages"}],"about":[{"href":"https:\/\/transportedebicicletas.pt\/en\/wp-json\/wp\/v2\/types\/page"}],"author":[{"embeddable":true,"href":"https:\/\/transportedebicicletas.pt\/en\/wp-json\/wp\/v2\/users\/1"}],"replies":[{"embeddable":true,"href":"https:\/\/transportedebicicletas.pt\/en\/wp-json\/wp\/v2\/comments?post=1234"}],"version-history":[{"count":42,"href":"https:\/\/transportedebicicletas.pt\/en\/wp-json\/wp\/v2\/pages\/1234\/revisions"}],"predecessor-version":[{"id":1321,"href":"https:\/\/transportedebicicletas.pt\/en\/wp-json\/wp\/v2\/pages\/1234\/revisions\/1321"}],"wp:attachment":[{"href":"https:\/\/transportedebicicletas.pt\/en\/wp-json\/wp\/v2\/media?parent=1234"}],"curies":[{"name":"wp","href":"https:\/\/api.w.org\/{rel}","templated":true}]}}